{"id":328,"date":"2016-07-12T13:13:37","date_gmt":"2016-07-12T13:13:37","guid":{"rendered":"http:\/\/new.toppragueapartments.com\/cs\/?page_id=328"},"modified":"2016-07-20T14:00:43","modified_gmt":"2016-07-20T14:00:43","slug":"o-apartmanech","status":"publish","type":"page","link":"https:\/\/www.toppragueapartments.com\/cs\/o-apartmanech\/","title":{"rendered":"O apartm\u00e1nech"},"content":{"rendered":"[et_pb_section admin_label=&#8220;Section&#8220; fullwidth=&#8220;on&#8220; specialty=&#8220;off&#8220;][et_pb_fullwidth_header admin_label=&#8220;Fullwidth Header&#8220; background_layout=&#8220;dark&#8220; text_orientation=&#8220;center&#8220; header_fullscreen=&#8220;off&#8220; header_scroll_down=&#8220;off&#8220; parallax=&#8220;off&#8220; parallax_method=&#8220;off&#8220; content_orientation=&#8220;center&#8220; image_orientation=&#8220;center&#8220; custom_button_one=&#8220;off&#8220; button_one_letter_spacing=&#8220;0&#8243; button_one_use_icon=&#8220;default&#8220; button_one_icon_placement=&#8220;right&#8220; button_one_on_hover=&#8220;on&#8220; button_one_letter_spacing_hover=&#8220;0&#8243; custom_button_two=&#8220;off&#8220; button_two_letter_spacing=&#8220;0&#8243; button_two_use_icon=&#8220;default&#8220; button_two_icon_placement=&#8220;right&#8220; button_two_on_hover=&#8220;on&#8220; button_two_letter_spacing_hover=&#8220;0&#8243; background_url=&#8220;https:\/\/toppragueapartments.com\/wp-content\/uploads\/2016\/06\/Hrad.jpg&#8220; background_overlay_color=&#8220;rgba(0,0,0,0.28)&#8220;]\n[\/et_pb_fullwidth_header][\/et_pb_section][et_pb_section admin_label=&#8220;section&#8220;][et_pb_row admin_label=&#8220;row&#8220; make_fullwidth=&#8220;off&#8220; use_custom_width=&#8220;on&#8220; width_unit=&#8220;off&#8220; use_custom_gutter=&#8220;off&#8220; padding_mobile=&#8220;off&#8220; allow_player_pause=&#8220;off&#8220; parallax=&#8220;off&#8220; parallax_method=&#8220;off&#8220; make_equal=&#8220;off&#8220; parallax_1=&#8220;off&#8220; parallax_method_1=&#8220;off&#8220; parallax_2=&#8220;off&#8220; parallax_method_2=&#8220;off&#8220; column_padding_mobile=&#8220;on&#8220;][et_pb_column type=&#8220;1_2&#8243;][et_pb_text admin_label=&#8220;Text&#8220; background_layout=&#8220;light&#8220; text_orientation=&#8220;left&#8220; use_border_color=&#8220;off&#8220; border_color=&#8220;#ffffff&#8220; border_style=&#8220;solid&#8220;]\n<h1>Kompletn\u00ed vybaven\u00ed<\/h1>\n[\/et_pb_text][et_pb_text admin_label=&#8220;Text&#8220; background_layout=&#8220;light&#8220; text_orientation=&#8220;left&#8220; use_border_color=&#8220;off&#8220; border_color=&#8220;#ffffff&#8220; border_style=&#8220;solid&#8220;]\n<p>V\u0161echny apartm\u00e1ny se nach\u00e1z\u00ed na samostatn\u00e9m 5. pat\u0159e s v\u00fdtahem a jsou kompletn\u011b <strong>zrekonstruov\u00e1ny<\/strong>. V\u0161em host\u016fm je k dispozici bezplatn\u00fd <strong>WiFi<\/strong> i kabelov\u00fd internet. Ka\u017ed\u00fd z apartm\u00e1n\u016f m\u00e1 vlastn\u00ed koupelnu i pln\u011b vybavenou kuchy\u0148, v\u010detn\u011b v\u0161ech spot\u0159ebi\u010d\u016f.<\/p>\n<p>Apartm\u00e1ny jsou vybaveny designov\u00fdm n\u00e1bytkem, satelitn\u00ed televiz\u00ed a <strong>dom\u00e1c\u00edm kinem<\/strong>. V ka\u017ed\u00e9m z apartm\u00e1n\u016f se mohou ubytovat a\u017e 4 osoby. V cen\u011b je zahrnut \u00faklid jednou t\u00fddn\u011b a ve\u0161ker\u00e9 povle\u010den\u00ed i ru\u010dn\u00edky.<\/p>\n[\/et_pb_text][et_pb_text admin_label=&#8220;Text&#8220; background_layout=&#8220;light&#8220; text_orientation=&#8220;left&#8220; use_border_color=&#8220;off&#8220; border_color=&#8220;#ffffff&#8220; border_style=&#8220;solid&#8220;]\n<h2>Strategick\u00e1 poloha<\/h2>\n[\/et_pb_text][et_pb_text admin_label=&#8220;Text&#8220; background_layout=&#8220;light&#8220; text_orientation=&#8220;left&#8220; use_border_color=&#8220;off&#8220; border_color=&#8220;#ffffff&#8220; border_style=&#8220;solid&#8220;]\n<p>Top Prague Appartments se vyzna\u010duj\u00ed svou ide\u00e1ln\u00ed polohou. Nach\u00e1zej\u00ed se v sam\u00e9m <strong>centru Prahy<\/strong>, av\u0161ak v klidn\u00e9 ulici Za <strong>Po\u0159\u00ed\u010dskou branou<\/strong>, kter\u00e1 je z jedn\u00e9 strany ukon\u010dena vstupem do metra a z druh\u00e9 strany historick\u00fdm Negrelliho viaduktem, kter\u00fd vznikl v 1. polovin\u011b 19. stolet\u00ed a v sou\u010dasn\u00e9 dob\u011b je druh\u00fdm nejstar\u0161\u00edm pra\u017esk\u00fdm mostem vedouc\u00edm p\u0159es Vltavu.<\/p>\n<p>V bezprost\u0159edn\u00ed bl\u00edzkosti apartm\u00e1n\u016f se nach\u00e1z\u00ed Karl\u00ednsk\u00e9 divadlo a nov\u011b opraven\u00e9 <strong>Karl\u00ednsk\u00e9 n\u00e1m\u011bst\u00ed<\/strong> s Kostelem sv. Cyrila a Metod\u011bje, kter\u00fd pat\u0159\u00ed mezi nejv\u011bt\u0161\u00ed c\u00edrkevn\u00ed stavby v \u010cech\u00e1ch.<\/p>\n[\/et_pb_text][\/et_pb_column][et_pb_column type=&#8220;1_2&#8243;][et_pb_image admin_label=&#8220;Image&#8220; src=&#8220;https:\/\/toppragueapartments.com\/wp-content\/uploads\/2016\/06\/Zluty-obyvak1.jpg&#8220; show_in_lightbox=&#8220;off&#8220; url_new_window=&#8220;off&#8220; use_overlay=&#8220;off&#8220; animation=&#8220;left&#8220; sticky=&#8220;off&#8220; align=&#8220;left&#8220; force_fullwidth=&#8220;off&#8220; always_center_on_mobile=&#8220;on&#8220; use_border_color=&#8220;off&#8220; border_color=&#8220;#ffffff&#8220; border_style=&#8220;solid&#8220; alt=&#8220;Modern\u00ed apartm\u00e1ny&#8220; title_text=&#8220;Kr\u00e1sn\u00e9 apartm\u00e1ny v Praze&#8220;]\n[\/et_pb_image][\/et_pb_column][\/et_pb_row][\/et_pb_section][et_pb_section admin_label=&#8220;section&#8220;][et_pb_row admin_label=&#8220;row&#8220; make_fullwidth=&#8220;off&#8220; use_custom_width=&#8220;on&#8220; width_unit=&#8220;off&#8220; use_custom_gutter=&#8220;off&#8220; padding_mobile=&#8220;off&#8220; allow_player_pause=&#8220;off&#8220; parallax=&#8220;off&#8220; parallax_method=&#8220;off&#8220; make_equal=&#8220;off&#8220; parallax_1=&#8220;off&#8220; parallax_method_1=&#8220;off&#8220; parallax_2=&#8220;off&#8220; parallax_method_2=&#8220;off&#8220; column_padding_mobile=&#8220;on&#8220;][et_pb_column type=&#8220;1_2&#8243;][et_pb_image admin_label=&#8220;Image&#8220; src=&#8220;https:\/\/toppragueapartments.com\/wp-content\/uploads\/2016\/06\/prague-961961_640.jpg&#8220; show_in_lightbox=&#8220;off&#8220; url_new_window=&#8220;off&#8220; use_overlay=&#8220;off&#8220; animation=&#8220;left&#8220; sticky=&#8220;off&#8220; align=&#8220;left&#8220; force_fullwidth=&#8220;off&#8220; always_center_on_mobile=&#8220;on&#8220; use_border_color=&#8220;off&#8220; border_color=&#8220;#ffffff&#8220; border_style=&#8220;solid&#8220; alt=&#8220;Perfektn\u00ed dostupnost do centra&#8220; title_text=&#8220;Apartm\u00e1ny v centru Prahy&#8220;]\n[\/et_pb_image][\/et_pb_column][et_pb_column type=&#8220;1_2&#8243;][et_pb_text admin_label=&#8220;Text&#8220; background_layout=&#8220;light&#8220; text_orientation=&#8220;left&#8220; use_border_color=&#8220;off&#8220; border_color=&#8220;#ffffff&#8220; border_style=&#8220;solid&#8220;]\n<h3>V\u00fdborn\u00e1 dopravn\u00ed dostupnost<\/h3>\n[\/et_pb_text][et_pb_text admin_label=&#8220;Text&#8220; background_layout=&#8220;light&#8220; text_orientation=&#8220;left&#8220; use_border_color=&#8220;off&#8220; border_color=&#8220;#ffffff&#8220; border_style=&#8220;solid&#8220;]\n<p>Top Prague Apartments jsou svou strategickou polohou um\u00edst\u011bny v lokalit\u011b s prvot\u0159\u00eddn\u00ed dopravn\u00ed dostupnost\u00ed. Za pouhou 1 minutu dojdete p\u011b\u0161ky ke stanici <strong>Florenc<\/strong>, kter\u00e1 se nach\u00e1z\u00ed za blokem bytov\u00fdch dom\u016f. Pr\u00e1v\u011b tyto bytov\u00e9 domy odd\u011bluj\u00ed klidnou ulici Za Po\u0159\u00ed\u010dskou branou od dopravn\u00edho hluku. Na stanici Florenc se k\u0159\u00ed\u017e\u00ed spoje m\u011bstsk\u00fdch autobus\u016f, tramvaj\u00ed a nach\u00e1z\u00ed se zde tak\u00e9 jedna z nejhlavn\u011bj\u0161\u00edch <strong>zast\u00e1vek metra<\/strong>, na kter\u00e9 se prot\u00ednaj\u00ed 2 nejdel\u0161\u00ed trasy metra (B a C).<\/p>\n<p>K hlavn\u00edmu pra\u017esk\u00e9mu autobusov\u00e9mu n\u00e1dra\u017e\u00ed Florenc dojdete p\u011b\u0161ky za necel\u00e9 3 minuty. Hlavn\u00ed <strong>vlakov\u00e9 n\u00e1dra\u017e\u00ed<\/strong> je vzd\u00e1len\u00e9 jen jednu stanici j\u00edzdy metrem, kter\u00e1 trv\u00e1 pouhou minutu.<\/p>\n[\/et_pb_text][et_pb_text admin_label=&#8220;Text&#8220; background_layout=&#8220;light&#8220; text_orientation=&#8220;left&#8220; use_border_color=&#8220;off&#8220; border_color=&#8220;#ffffff&#8220; border_style=&#8220;solid&#8220;]\n<h3>Pohodln\u00e9 parkov\u00e1n\u00ed<\/h3>\n[\/et_pb_text][et_pb_text admin_label=&#8220;Text&#8220; background_layout=&#8220;light&#8220; text_orientation=&#8220;left&#8220; use_border_color=&#8220;off&#8220; border_color=&#8220;#ffffff&#8220; border_style=&#8220;solid&#8220;]\n<p>Pokud vol\u00edte cestu autem, <strong>bezplatn\u00e9 parkov\u00e1n\u00ed<\/strong> je mo\u017en\u00e9 na ulici p\u0159\u00edmo p\u0159ed domem nebo v okol\u00ed v p\u0159\u00edpad\u011b voln\u00fdch parkovac\u00edch m\u00edst. Alternativou je parkov\u00e1n\u00ed na zpoplatn\u011bn\u00e9m hl\u00eddan\u00e9m parkovi\u0161ti nach\u00e1zej\u00edc\u00edm se 3 minuty p\u011b\u0161ky a to hned vedle autobusov\u00e9ho n\u00e1dra\u017e\u00ed Florenc (cena parkov\u00e1n\u00ed cca 400 K\u010d\/den).<\/p>\n[\/et_pb_text][et_pb_text admin_label=&#8220;Text&#8220; background_layout=&#8220;light&#8220; text_orientation=&#8220;left&#8220; use_border_color=&#8220;off&#8220; border_color=&#8220;#ffffff&#8220; border_style=&#8220;solid&#8220;]\n<h3>Bl\u00edzkost historick\u00fdch pam\u00e1tek<\/h3>\n[\/et_pb_text][et_pb_text admin_label=&#8220;Text&#8220; background_layout=&#8220;light&#8220; text_orientation=&#8220;left&#8220; use_border_color=&#8220;off&#8220; border_color=&#8220;#ffffff&#8220; border_style=&#8220;solid&#8220;]\n<p>Na starom\u011bstsk\u00e9 n\u00e1m\u011bst\u00ed, k <strong>Pra\u017esk\u00e9mu orloji<\/strong> a dal\u0161\u00edm historick\u00fdm pam\u00e1tk\u00e1m v centru Prahy dojdete p\u011b\u0161ky za cca 15 minut, p\u0159\u00edpadn\u011b si cestu m\u016f\u017eete zkr\u00e1tit tramvaj\u00ed, m\u011bstsk\u00fdm autobusem nebo metrem.<\/p>\n[\/et_pb_text][\/et_pb_column][\/et_pb_row][\/et_pb_section]\n","protected":false},"excerpt":{"rendered":"<p>Kompletn\u00ed vybaven\u00ed V\u0161echny apartm\u00e1ny se nach\u00e1z\u00ed na samostatn\u00e9m 5. pat\u0159e s v\u00fdtahem a jsou kompletn\u011b zrekonstruov\u00e1ny. V\u0161em host\u016fm je k dispozici bezplatn\u00fd WiFi i kabelov\u00fd internet. Ka\u017ed\u00fd z apartm\u00e1n\u016f m\u00e1 vlastn\u00ed koupelnu i pln\u011b vybavenou kuchy\u0148, v\u010detn\u011b v\u0161ech spot\u0159ebi\u010d\u016f. Apartm\u00e1ny jsou vybaveny designov\u00fdm n\u00e1bytkem, satelitn\u00ed televiz\u00ed a dom\u00e1c\u00edm kinem. V ka\u017ed\u00e9m z apartm\u00e1n\u016f se mohou [&hellip;]<\/p>\n","protected":false},"author":5,"featured_media":68,"parent":0,"menu_order":0,"comment_status":"closed","ping_status":"closed","template":"","meta":{"_et_pb_use_builder":"on","_et_pb_old_content":"","_et_gb_content_width":"","_monsterinsights_skip_tracking":false,"_monsterinsights_sitenote_active":false,"_monsterinsights_sitenote_note":"","_monsterinsights_sitenote_category":0,"footnotes":""},"class_list":["post-328","page","type-page","status-publish","has-post-thumbnail","hentry"],"yoast_head":"<!-- This site is optimized with the Yoast SEO plugin v26.4 - https:\/\/yoast.com\/wordpress\/plugins\/seo\/ -->\n<title>Informace o apartm\u00e1nech - Top Prague Apartments<\/title>\n<meta name=\"description\" content=\"Podrobn\u00e9 informace o na\u0161ich pra\u017esk\u00fdch apartm\u00e1nech. Nab\u00edz\u00edme kr\u00e1tkodob\u00e9 i dlouhodob\u00e9 ubytov\u00e1n\u00ed v luxusn\u00edch apartm\u00e1nech v centru Prahy.\" \/>\n<meta name=\"robots\" content=\"index, follow, max-snippet:-1, max-image-preview:large, max-video-preview:-1\" \/>\n<link rel=\"canonical\" href=\"https:\/\/www.toppragueapartments.com\/about\/\" \/>\n<meta property=\"og:locale\" content=\"cs_CZ\" \/>\n<meta property=\"og:type\" content=\"article\" \/>\n<meta property=\"og:title\" content=\"Informace o apartm\u00e1nech - Top Prague Apartments\" \/>\n<meta property=\"og:description\" content=\"Podrobn\u00e9 informace o na\u0161ich pra\u017esk\u00fdch apartm\u00e1nech. Nab\u00edz\u00edme kr\u00e1tkodob\u00e9 i dlouhodob\u00e9 ubytov\u00e1n\u00ed v luxusn\u00edch apartm\u00e1nech v centru Prahy.\" \/>\n<meta property=\"og:url\" content=\"https:\/\/www.toppragueapartments.com\/about\/\" \/>\n<meta property=\"og:site_name\" content=\"Top Prague Apartments\" \/>\n<meta property=\"article:modified_time\" content=\"2016-07-20T14:00:43+00:00\" \/>\n<meta property=\"og:image\" content=\"https:\/\/www.toppragueapartments.com\/wp-content\/uploads\/2016\/06\/Fialovy-obyvak1.jpg\" \/>\n\t<meta property=\"og:image:width\" content=\"1800\" \/>\n\t<meta property=\"og:image:height\" content=\"1205\" \/>\n\t<meta property=\"og:image:type\" content=\"image\/jpeg\" \/>\n<meta name=\"twitter:card\" content=\"summary_large_image\" \/>\n<meta name=\"twitter:label1\" content=\"Odhadovan\u00e1 doba \u010dten\u00ed\" \/>\n\t<meta name=\"twitter:data1\" content=\"5 minut\" \/>\n<script type=\"application\/ld+json\" class=\"yoast-schema-graph\">{\"@context\":\"https:\/\/schema.org\",\"@graph\":[{\"@type\":\"WebPage\",\"@id\":\"https:\/\/www.toppragueapartments.com\/about\/\",\"url\":\"https:\/\/www.toppragueapartments.com\/about\/\",\"name\":\"Informace o apartm\u00e1nech - Top Prague Apartments\",\"isPartOf\":{\"@id\":\"https:\/\/www.toppragueapartments.com\/#website\"},\"primaryImageOfPage\":{\"@id\":\"https:\/\/www.toppragueapartments.com\/about\/#primaryimage\"},\"image\":{\"@id\":\"https:\/\/www.toppragueapartments.com\/about\/#primaryimage\"},\"thumbnailUrl\":\"https:\/\/www.toppragueapartments.com\/wp-content\/uploads\/2016\/06\/Fialovy-obyvak1.jpg\",\"datePublished\":\"2016-07-12T13:13:37+00:00\",\"dateModified\":\"2016-07-20T14:00:43+00:00\",\"description\":\"Podrobn\u00e9 informace o na\u0161ich pra\u017esk\u00fdch apartm\u00e1nech. Nab\u00edz\u00edme kr\u00e1tkodob\u00e9 i dlouhodob\u00e9 ubytov\u00e1n\u00ed v luxusn\u00edch apartm\u00e1nech v centru Prahy.\",\"breadcrumb\":{\"@id\":\"https:\/\/www.toppragueapartments.com\/about\/#breadcrumb\"},\"inLanguage\":\"cs\",\"potentialAction\":[{\"@type\":\"ReadAction\",\"target\":[\"https:\/\/www.toppragueapartments.com\/about\/\"]}]},{\"@type\":\"ImageObject\",\"inLanguage\":\"cs\",\"@id\":\"https:\/\/www.toppragueapartments.com\/about\/#primaryimage\",\"url\":\"https:\/\/www.toppragueapartments.com\/wp-content\/uploads\/2016\/06\/Fialovy-obyvak1.jpg\",\"contentUrl\":\"https:\/\/www.toppragueapartments.com\/wp-content\/uploads\/2016\/06\/Fialovy-obyvak1.jpg\",\"width\":1800,\"height\":1205},{\"@type\":\"BreadcrumbList\",\"@id\":\"https:\/\/www.toppragueapartments.com\/about\/#breadcrumb\",\"itemListElement\":[{\"@type\":\"ListItem\",\"position\":1,\"name\":\"Home\",\"item\":\"https:\/\/www.toppragueapartments.com\/cs\/\"},{\"@type\":\"ListItem\",\"position\":2,\"name\":\"O apartm\u00e1nech\"}]},{\"@type\":\"WebSite\",\"@id\":\"https:\/\/www.toppragueapartments.com\/#website\",\"url\":\"https:\/\/www.toppragueapartments.com\/\",\"name\":\"Top Prague Apartments\",\"description\":\"Beautiful apartments in the heart of the Europe Apartments are situated in the separated 5th floor with an elevator and they are completely reconstructed. There is a free WiFi and a cable connection available for all the guests.\",\"potentialAction\":[{\"@type\":\"SearchAction\",\"target\":{\"@type\":\"EntryPoint\",\"urlTemplate\":\"https:\/\/www.toppragueapartments.com\/?s={search_term_string}\"},\"query-input\":{\"@type\":\"PropertyValueSpecification\",\"valueRequired\":true,\"valueName\":\"search_term_string\"}}],\"inLanguage\":\"cs\"}]}<\/script>\n<!-- \/ Yoast SEO plugin. -->","yoast_head_json":{"title":"Informace o apartm\u00e1nech - Top Prague Apartments","description":"Podrobn\u00e9 informace o na\u0161ich pra\u017esk\u00fdch apartm\u00e1nech. Nab\u00edz\u00edme kr\u00e1tkodob\u00e9 i dlouhodob\u00e9 ubytov\u00e1n\u00ed v luxusn\u00edch apartm\u00e1nech v centru Prahy.","robots":{"index":"index","follow":"follow","max-snippet":"max-snippet:-1","max-image-preview":"max-image-preview:large","max-video-preview":"max-video-preview:-1"},"canonical":"https:\/\/www.toppragueapartments.com\/about\/","og_locale":"cs_CZ","og_type":"article","og_title":"Informace o apartm\u00e1nech - Top Prague Apartments","og_description":"Podrobn\u00e9 informace o na\u0161ich pra\u017esk\u00fdch apartm\u00e1nech. Nab\u00edz\u00edme kr\u00e1tkodob\u00e9 i dlouhodob\u00e9 ubytov\u00e1n\u00ed v luxusn\u00edch apartm\u00e1nech v centru Prahy.","og_url":"https:\/\/www.toppragueapartments.com\/about\/","og_site_name":"Top Prague Apartments","article_modified_time":"2016-07-20T14:00:43+00:00","og_image":[{"width":1800,"height":1205,"url":"https:\/\/www.toppragueapartments.com\/wp-content\/uploads\/2016\/06\/Fialovy-obyvak1.jpg","type":"image\/jpeg"}],"twitter_card":"summary_large_image","twitter_misc":{"Odhadovan\u00e1 doba \u010dten\u00ed":"5 minut"},"schema":{"@context":"https:\/\/schema.org","@graph":[{"@type":"WebPage","@id":"https:\/\/www.toppragueapartments.com\/about\/","url":"https:\/\/www.toppragueapartments.com\/about\/","name":"Informace o apartm\u00e1nech - Top Prague Apartments","isPartOf":{"@id":"https:\/\/www.toppragueapartments.com\/#website"},"primaryImageOfPage":{"@id":"https:\/\/www.toppragueapartments.com\/about\/#primaryimage"},"image":{"@id":"https:\/\/www.toppragueapartments.com\/about\/#primaryimage"},"thumbnailUrl":"https:\/\/www.toppragueapartments.com\/wp-content\/uploads\/2016\/06\/Fialovy-obyvak1.jpg","datePublished":"2016-07-12T13:13:37+00:00","dateModified":"2016-07-20T14:00:43+00:00","description":"Podrobn\u00e9 informace o na\u0161ich pra\u017esk\u00fdch apartm\u00e1nech. Nab\u00edz\u00edme kr\u00e1tkodob\u00e9 i dlouhodob\u00e9 ubytov\u00e1n\u00ed v luxusn\u00edch apartm\u00e1nech v centru Prahy.","breadcrumb":{"@id":"https:\/\/www.toppragueapartments.com\/about\/#breadcrumb"},"inLanguage":"cs","potentialAction":[{"@type":"ReadAction","target":["https:\/\/www.toppragueapartments.com\/about\/"]}]},{"@type":"ImageObject","inLanguage":"cs","@id":"https:\/\/www.toppragueapartments.com\/about\/#primaryimage","url":"https:\/\/www.toppragueapartments.com\/wp-content\/uploads\/2016\/06\/Fialovy-obyvak1.jpg","contentUrl":"https:\/\/www.toppragueapartments.com\/wp-content\/uploads\/2016\/06\/Fialovy-obyvak1.jpg","width":1800,"height":1205},{"@type":"BreadcrumbList","@id":"https:\/\/www.toppragueapartments.com\/about\/#breadcrumb","itemListElement":[{"@type":"ListItem","position":1,"name":"Home","item":"https:\/\/www.toppragueapartments.com\/cs\/"},{"@type":"ListItem","position":2,"name":"O apartm\u00e1nech"}]},{"@type":"WebSite","@id":"https:\/\/www.toppragueapartments.com\/#website","url":"https:\/\/www.toppragueapartments.com\/","name":"Top Prague Apartments","description":"Beautiful apartments in the heart of the Europe Apartments are situated in the separated 5th floor with an elevator and they are completely reconstructed. There is a free WiFi and a cable connection available for all the guests.","potentialAction":[{"@type":"SearchAction","target":{"@type":"EntryPoint","urlTemplate":"https:\/\/www.toppragueapartments.com\/?s={search_term_string}"},"query-input":{"@type":"PropertyValueSpecification","valueRequired":true,"valueName":"search_term_string"}}],"inLanguage":"cs"}]}},"_links":{"self":[{"href":"https:\/\/www.toppragueapartments.com\/cs\/wp-json\/wp\/v2\/pages\/328","targetHints":{"allow":["GET"]}}],"collection":[{"href":"https:\/\/www.toppragueapartments.com\/cs\/wp-json\/wp\/v2\/pages"}],"about":[{"href":"https:\/\/www.toppragueapartments.com\/cs\/wp-json\/wp\/v2\/types\/page"}],"author":[{"embeddable":true,"href":"https:\/\/www.toppragueapartments.com\/cs\/wp-json\/wp\/v2\/users\/5"}],"replies":[{"embeddable":true,"href":"https:\/\/www.toppragueapartments.com\/cs\/wp-json\/wp\/v2\/comments?post=328"}],"version-history":[{"count":5,"href":"https:\/\/www.toppragueapartments.com\/cs\/wp-json\/wp\/v2\/pages\/328\/revisions"}],"predecessor-version":[{"id":469,"href":"https:\/\/www.toppragueapartments.com\/cs\/wp-json\/wp\/v2\/pages\/328\/revisions\/469"}],"wp:featuredmedia":[{"embeddable":true,"href":"https:\/\/www.toppragueapartments.com\/cs\/wp-json\/wp\/v2\/media\/68"}],"wp:attachment":[{"href":"https:\/\/www.toppragueapartments.com\/cs\/wp-json\/wp\/v2\/media?parent=328"}],"curies":[{"name":"wp","href":"https:\/\/api.w.org\/{rel}","templated":true}]}}