{"id":330,"date":"2016-07-12T13:25:01","date_gmt":"2016-07-12T13:25:01","guid":{"rendered":"http:\/\/new.toppragueapartments.com\/cs\/?page_id=330"},"modified":"2016-07-26T09:07:19","modified_gmt":"2016-07-26T09:07:19","slug":"apartmany","status":"publish","type":"page","link":"https:\/\/www.toppragueapartments.com\/cs\/apartmany\/","title":{"rendered":"Apartm\u00e1ny"},"content":{"rendered":"[et_pb_section admin_label=&#8220;Section&#8220; fullwidth=&#8220;on&#8220; specialty=&#8220;off&#8220;][et_pb_fullwidth_header admin_label=&#8220;Fullwidth Header&#8220; background_layout=&#8220;light&#8220; text_orientation=&#8220;left&#8220; header_fullscreen=&#8220;off&#8220; header_scroll_down=&#8220;off&#8220; background_url=&#8220;https:\/\/toppragueapartments.com\/wp-content\/uploads\/2016\/06\/Hrad.jpg&#8220; background_overlay_color=&#8220;rgba(0,0,0,0.29)&#8220; parallax=&#8220;off&#8220; parallax_method=&#8220;off&#8220; content_orientation=&#8220;center&#8220; image_orientation=&#8220;center&#8220; custom_button_one=&#8220;off&#8220; button_one_letter_spacing=&#8220;0&#8243; button_one_use_icon=&#8220;default&#8220; button_one_icon_placement=&#8220;right&#8220; button_one_on_hover=&#8220;on&#8220; button_one_letter_spacing_hover=&#8220;0&#8243; custom_button_two=&#8220;off&#8220; button_two_letter_spacing=&#8220;0&#8243; button_two_use_icon=&#8220;default&#8220; button_two_icon_placement=&#8220;right&#8220; button_two_on_hover=&#8220;on&#8220; button_two_letter_spacing_hover=&#8220;0&#8243;] [\/et_pb_fullwidth_header][\/et_pb_section][et_pb_section admin_label=&#8220;section&#8220;][et_pb_row admin_label=&#8220;Row&#8220; make_fullwidth=&#8220;off&#8220; use_custom_width=&#8220;on&#8220; width_unit=&#8220;off&#8220; use_custom_gutter=&#8220;off&#8220; padding_mobile=&#8220;off&#8220; allow_player_pause=&#8220;off&#8220; parallax=&#8220;off&#8220; parallax_method=&#8220;off&#8220; make_equal=&#8220;off&#8220; parallax_1=&#8220;off&#8220; parallax_method_1=&#8220;off&#8220; column_padding_mobile=&#8220;on&#8220;][et_pb_column type=&#8220;4_4&#8243;][et_pb_text admin_label=&#8220;Text&#8220; background_layout=&#8220;light&#8220; text_orientation=&#8220;center&#8220; text_font=&#8220;|||on|&#8220; use_border_color=&#8220;off&#8220; border_color=&#8220;#ffffff&#8220; border_style=&#8220;solid&#8220;]\n<h1>Pra\u017esk\u00e9 apartm\u00e1ny<\/h1>\n[\/et_pb_text][et_pb_text admin_label=&#8220;Text&#8220; background_layout=&#8220;light&#8220; text_orientation=&#8220;left&#8220; use_border_color=&#8220;off&#8220; border_color=&#8220;#ffffff&#8220; border_style=&#8220;solid&#8220;]\n<p>V\u0161echny apartm\u00e1ny se nach\u00e1z\u00ed na samostatn\u00e9m 5. pat\u0159e s v\u00fdtahem a jsou kompletn\u011b rekonstruov\u00e1ny. V\u0161em host\u016fm je k dispozici bezplatn\u00fd WiFi i kabelov\u00fd internet. Ka\u017ed\u00fd z apartm\u00e1n\u016f m\u00e1 vlastn\u00ed koupelnu i pln\u011b vybavenou kuchy\u0148, v\u010detn\u011b v\u0161ech spot\u0159ebi\u010d\u016f. Apartm\u00e1ny jsou vybaveny designov\u00fdm n\u00e1bytkem, satelitn\u00ed televiz\u00ed a dom\u00e1c\u00edm kinem. V ka\u017ed\u00e9m z apartm\u00e1n\u016f se mohou ubytovat a\u017e 4 osoby. V cen\u011b je zahrnut \u00faklid jednou t\u00fddn\u011b a ve\u0161ker\u00e9 povle\u010den\u00ed i ru\u010dn\u00edky.<\/p>\n[\/et_pb_text][et_pb_text admin_label=&#8220;Text&#8220; background_layout=&#8220;light&#8220; text_orientation=&#8220;center&#8220; use_border_color=&#8220;off&#8220; border_color=&#8220;#ffffff&#8220; border_style=&#8220;solid&#8220;]\n<h2>Levn\u00e9 apartm\u00e1ny v Praze<\/h2>\n[\/et_pb_text][et_pb_text admin_label=&#8220;Text&#8220; background_layout=&#8220;light&#8220; text_orientation=&#8220;left&#8220; use_border_color=&#8220;off&#8220; border_color=&#8220;#ffffff&#8220; border_style=&#8220;solid&#8220;]\n<p>Pra\u017esk\u00e9 apartm\u00e1ny jsou k dispozici za nejni\u017e\u0161\u00ed ceny na trhu. M\u00e1me k dispozici celkem t\u0159i pln\u011b vybaven\u00e9 apartm\u00e1ny, kter\u00e9 ned\u00e1vno pro\u0161ly kompletn\u00ed rekonstrukc\u00ed. Jsou vybaveny modern\u00edm n\u00e1bytkem a v\u0161emi pot\u0159ebn\u00fdmi spot\u0159ebi\u010demi. Nav\u0161tivte n\u00e1s a pronajm\u011bte si cenov\u011b dostupn\u00e9 apartm\u00e1ny p\u0159\u00edmo v centru Prahy.<\/p>\n[\/et_pb_text][\/et_pb_column][\/et_pb_row][\/et_pb_section][et_pb_section admin_label=&#8220;Section&#8220; fullwidth=&#8220;off&#8220; specialty=&#8220;off&#8220; transparent_background=&#8220;off&#8220; background_color=&#8220;#ffffff&#8220; allow_player_pause=&#8220;off&#8220; inner_shadow=&#8220;off&#8220; parallax=&#8220;off&#8220; parallax_method=&#8220;off&#8220; custom_padding=&#8220;0px||0px|&#8220; padding_mobile=&#8220;off&#8220; make_fullwidth=&#8220;off&#8220; use_custom_width=&#8220;off&#8220; width_unit=&#8220;on&#8220; make_equal=&#8220;off&#8220; use_custom_gutter=&#8220;off&#8220;][et_pb_row admin_label=&#8220;Row&#8220; make_fullwidth=&#8220;off&#8220; use_custom_width=&#8220;on&#8220; width_unit=&#8220;off&#8220; use_custom_gutter=&#8220;off&#8220; custom_padding=&#8220;5px||5px|&#8220; padding_mobile=&#8220;off&#8220; allow_player_pause=&#8220;off&#8220; parallax=&#8220;off&#8220; parallax_method=&#8220;off&#8220; make_equal=&#8220;off&#8220; parallax_1=&#8220;off&#8220; parallax_method_1=&#8220;off&#8220; column_padding_mobile=&#8220;on&#8220;][et_pb_column type=&#8220;4_4&#8243;][et_pb_divider admin_label=&#8220;Divider&#8220; color=&#8220;#c6c6c6&#8243; show_divider=&#8220;on&#8220; divider_style=&#8220;solid&#8220; divider_position=&#8220;top&#8220; hide_on_mobile=&#8220;on&#8220;] [\/et_pb_divider][\/et_pb_column][\/et_pb_row][\/et_pb_section][et_pb_section admin_label=&#8220;section&#8220;][et_pb_row admin_label=&#8220;row&#8220; make_fullwidth=&#8220;off&#8220; use_custom_width=&#8220;on&#8220; width_unit=&#8220;off&#8220; use_custom_gutter=&#8220;off&#8220; padding_mobile=&#8220;off&#8220; allow_player_pause=&#8220;off&#8220; parallax=&#8220;off&#8220; parallax_method=&#8220;off&#8220; make_equal=&#8220;off&#8220; column_padding_mobile=&#8220;on&#8220;][et_pb_column type=&#8220;1_3&#8243;][et_pb_text admin_label=&#8220;Text&#8220; background_layout=&#8220;light&#8220; text_orientation=&#8220;center&#8220; text_font_size=&#8220;24&#8243; use_border_color=&#8220;off&#8220; border_color=&#8220;#ffffff&#8220; border_style=&#8220;solid&#8220;]\n<h3><a href=\"\/cs\/apartmany\/apartman-violet\/\">Apartm\u00e1n Violet<\/a><\/h3>\n[\/et_pb_text][et_pb_image admin_label=&#8220;Image&#8220; src=&#8220;https:\/\/toppragueapartments.com\/wp-content\/uploads\/2016\/06\/Fialovy-obyvak2.jpg&#8220; show_in_lightbox=&#8220;off&#8220; url=&#8220;\/cs\/apartmany\/apartman-violet\/&#8220; url_new_window=&#8220;off&#8220; use_overlay=&#8220;off&#8220; animation=&#8220;off&#8220; sticky=&#8220;off&#8220; align=&#8220;left&#8220; force_fullwidth=&#8220;off&#8220; always_center_on_mobile=&#8220;on&#8220; use_border_color=&#8220;off&#8220; border_color=&#8220;#ffffff&#8220; border_style=&#8220;solid&#8220; alt=&#8220;Top Prague Apartments&#8220; title_text=&#8220;Apartm\u00e1n Violet&#8220;] [\/et_pb_image][et_pb_text admin_label=&#8220;Text&#8220; background_layout=&#8220;light&#8220; text_orientation=&#8220;left&#8220; use_border_color=&#8220;off&#8220; border_color=&#8220;#ffffff&#8220; border_style=&#8220;solid&#8220;]\n<p>Violet je nov\u011b zrekonstruovan\u00fd apartm\u00e1n v samotn\u00e9m centru Prahy kousek od autobusov\u00e9ho n\u00e1dra\u017e\u00ed Florenc. Celkem jsou k dispozici dva pokoje a koupelna se sprchov\u00fdm koutem. Z apartm\u00e1nu je kr\u00e1sn\u00fd v\u00fdhled na V\u00edtkov.\u00a0<a href=\"\/cs\/apartmany\/apartman-violet\/\">Zobrazit v\u00edce&#8230;<\/a><\/p>\n[\/et_pb_text][\/et_pb_column][et_pb_column type=&#8220;1_3&#8243;][et_pb_text admin_label=&#8220;Text&#8220; background_layout=&#8220;light&#8220; text_orientation=&#8220;center&#8220; text_font_size=&#8220;24&#8243; use_border_color=&#8220;off&#8220; border_color=&#8220;#ffffff&#8220; border_style=&#8220;solid&#8220;]\n<h3><a href=\"\/cs\/apartmany\/apartman-green\/\">Apartm\u00e1n Green<\/a><\/h3>\n[\/et_pb_text][et_pb_image admin_label=&#8220;Image&#8220; src=&#8220;https:\/\/toppragueapartments.com\/wp-content\/uploads\/2016\/06\/Zeleny-obyvak1.jpg&#8220; show_in_lightbox=&#8220;off&#8220; url=&#8220;\/cs\/apartmany\/apartman-green\/&#8220; url_new_window=&#8220;off&#8220; use_overlay=&#8220;off&#8220; animation=&#8220;off&#8220; sticky=&#8220;off&#8220; align=&#8220;left&#8220; force_fullwidth=&#8220;off&#8220; always_center_on_mobile=&#8220;on&#8220; use_border_color=&#8220;off&#8220; border_color=&#8220;#ffffff&#8220; border_style=&#8220;solid&#8220; alt=&#8220;Top Prague Apartments&#8220; title_text=&#8220;Aparm\u00e1n Green&#8220;] [\/et_pb_image][et_pb_text admin_label=&#8220;Text&#8220; background_layout=&#8220;light&#8220; text_orientation=&#8220;left&#8220; use_border_color=&#8220;off&#8220; border_color=&#8220;#ffffff&#8220; border_style=&#8220;solid&#8220;]\n<p>Green je n\u00e1zev dvoupokojov\u00e9ho apartm\u00e1nu v bl\u00edzkosti centra Prahy. Z apartm\u00e1nu je p\u0159ekr\u00e1sn\u00fd v\u00fdhled na okoln\u00ed secesn\u00ed domy a tak\u00e9 na Pra\u017esk\u00fd hrad, tak\u017ee pam\u00e1tky budete m\u00edt opravdu t\u00e9m\u011b\u0159 na dosah ruky.\u00a0<a href=\"\/cs\/apartmany\/apartman-green\/\">Zobrazit v\u00edce&#8230;<\/a><\/p>\n[\/et_pb_text][\/et_pb_column][et_pb_column type=&#8220;1_3&#8243;][et_pb_text admin_label=&#8220;Text&#8220; background_layout=&#8220;light&#8220; text_orientation=&#8220;center&#8220; text_font_size=&#8220;24&#8243; use_border_color=&#8220;off&#8220; border_color=&#8220;#ffffff&#8220; border_style=&#8220;solid&#8220;]\n<h3><a href=\"\/cs\/apartmany\/apartman-yellow\/\">Apartm\u00e1n Yellow<\/a><\/h3>\n[\/et_pb_text][et_pb_image admin_label=&#8220;Image&#8220; src=&#8220;https:\/\/toppragueapartments.com\/wp-content\/uploads\/2016\/06\/Zluty-obyvak1.jpg&#8220; show_in_lightbox=&#8220;off&#8220; url=&#8220;\/cs\/apartmany\/apartman-yellow\/&#8220; url_new_window=&#8220;off&#8220; use_overlay=&#8220;off&#8220; animation=&#8220;off&#8220; sticky=&#8220;off&#8220; align=&#8220;left&#8220; force_fullwidth=&#8220;off&#8220; always_center_on_mobile=&#8220;on&#8220; use_border_color=&#8220;off&#8220; border_color=&#8220;#ffffff&#8220; border_style=&#8220;solid&#8220; alt=&#8220;Top Prague Apartments&#8220; title_text=&#8220;Apartm\u00e1n Yellow&#8220;] [\/et_pb_image][et_pb_text admin_label=&#8220;Text&#8220; background_layout=&#8220;light&#8220; text_orientation=&#8220;left&#8220; use_border_color=&#8220;off&#8220; border_color=&#8220;#ffffff&#8220; border_style=&#8220;solid&#8220;]\n<p>Yellow je mal\u00fd a \u00fatuln\u00fd apartm\u00e1n nach\u00e1zej\u00edc\u00ed se kousek od pra\u017esk\u00e9ho centra. Celkem jsou k dispozici dva pokoje a koupelna s rohovou vanou. V bl\u00edzkosti je nejenom Florenc, ale tak\u00e9 pra\u017esk\u00e9 vlakov\u00e9 n\u00e1dra\u017e\u00ed.\u00a0<a href=\"\/cs\/apartmany\/apartman-yellow\/\">Zobrazit v\u00edce&#8230;<\/a><\/p>\n[\/et_pb_text][\/et_pb_column][\/et_pb_row][\/et_pb_section]\n","protected":false},"excerpt":{"rendered":"<p>Pra\u017esk\u00e9 apartm\u00e1ny V\u0161echny apartm\u00e1ny se nach\u00e1z\u00ed na samostatn\u00e9m 5. pat\u0159e s v\u00fdtahem a jsou kompletn\u011b rekonstruov\u00e1ny. V\u0161em host\u016fm je k dispozici bezplatn\u00fd WiFi i kabelov\u00fd internet. Ka\u017ed\u00fd z apartm\u00e1n\u016f m\u00e1 vlastn\u00ed koupelnu i pln\u011b vybavenou kuchy\u0148, v\u010detn\u011b v\u0161ech spot\u0159ebi\u010d\u016f. Apartm\u00e1ny jsou vybaveny designov\u00fdm n\u00e1bytkem, satelitn\u00ed televiz\u00ed a dom\u00e1c\u00edm kinem. V ka\u017ed\u00e9m z apartm\u00e1n\u016f se mohou [&hellip;]<\/p>\n","protected":false},"author":5,"featured_media":153,"parent":0,"menu_order":0,"comment_status":"closed","ping_status":"closed","template":"","meta":{"_et_pb_use_builder":"on","_et_pb_old_content":"","_et_gb_content_width":"","_monsterinsights_skip_tracking":false,"_monsterinsights_sitenote_active":false,"_monsterinsights_sitenote_note":"","_monsterinsights_sitenote_category":0,"footnotes":""},"class_list":["post-330","page","type-page","status-publish","has-post-thumbnail","hentry"],"yoast_head":"<!-- This site is optimized with the Yoast SEO plugin v26.4 - https:\/\/yoast.com\/wordpress\/plugins\/seo\/ -->\n<title>Apartm\u00e1ny - Top Prague Apartments<\/title>\n<meta name=\"description\" content=\"Kr\u00e1sn\u00e9 a modern\u00ed apartm\u00e1ny v centru Prahy. Perfektn\u00ed dostupnost a sv\u011bl\u00e9 eny. Zarezervujtesi apartm\u00e1n je\u0161t\u011b dnes a nav\u0161tivte Prahu.\" \/>\n<meta name=\"robots\" content=\"index, follow, max-snippet:-1, max-image-preview:large, max-video-preview:-1\" \/>\n<link rel=\"canonical\" href=\"https:\/\/www.toppragueapartments.com\/apartments\/\" \/>\n<meta property=\"og:locale\" content=\"cs_CZ\" \/>\n<meta property=\"og:type\" content=\"article\" \/>\n<meta property=\"og:title\" content=\"Apartm\u00e1ny - Top Prague Apartments\" \/>\n<meta property=\"og:description\" content=\"Kr\u00e1sn\u00e9 a modern\u00ed apartm\u00e1ny v centru Prahy. Perfektn\u00ed dostupnost a sv\u011bl\u00e9 eny. Zarezervujtesi apartm\u00e1n je\u0161t\u011b dnes a nav\u0161tivte Prahu.\" \/>\n<meta property=\"og:url\" content=\"https:\/\/www.toppragueapartments.com\/apartments\/\" \/>\n<meta property=\"og:site_name\" content=\"Top Prague Apartments\" \/>\n<meta property=\"article:modified_time\" content=\"2016-07-26T09:07:19+00:00\" \/>\n<meta property=\"og:image\" content=\"https:\/\/www.toppragueapartments.com\/wp-content\/uploads\/2016\/06\/Zluty-obyvak2-e1468398417579.jpg\" \/>\n\t<meta property=\"og:image:width\" content=\"1800\" \/>\n\t<meta property=\"og:image:height\" content=\"1205\" \/>\n\t<meta property=\"og:image:type\" content=\"image\/jpeg\" \/>\n<meta name=\"twitter:card\" content=\"summary_large_image\" \/>\n<meta name=\"twitter:label1\" content=\"Odhadovan\u00e1 doba \u010dten\u00ed\" \/>\n\t<meta name=\"twitter:data1\" content=\"6 minut\" \/>\n<script type=\"application\/ld+json\" class=\"yoast-schema-graph\">{\"@context\":\"https:\/\/schema.org\",\"@graph\":[{\"@type\":\"WebPage\",\"@id\":\"https:\/\/www.toppragueapartments.com\/apartments\/\",\"url\":\"https:\/\/www.toppragueapartments.com\/apartments\/\",\"name\":\"Apartm\u00e1ny - Top Prague Apartments\",\"isPartOf\":{\"@id\":\"https:\/\/www.toppragueapartments.com\/#website\"},\"primaryImageOfPage\":{\"@id\":\"https:\/\/www.toppragueapartments.com\/apartments\/#primaryimage\"},\"image\":{\"@id\":\"https:\/\/www.toppragueapartments.com\/apartments\/#primaryimage\"},\"thumbnailUrl\":\"https:\/\/www.toppragueapartments.com\/wp-content\/uploads\/2016\/06\/Zluty-obyvak2-e1468398417579.jpg\",\"datePublished\":\"2016-07-12T13:25:01+00:00\",\"dateModified\":\"2016-07-26T09:07:19+00:00\",\"description\":\"Kr\u00e1sn\u00e9 a modern\u00ed apartm\u00e1ny v centru Prahy. Perfektn\u00ed dostupnost a sv\u011bl\u00e9 eny. Zarezervujtesi apartm\u00e1n je\u0161t\u011b dnes a nav\u0161tivte Prahu.\",\"breadcrumb\":{\"@id\":\"https:\/\/www.toppragueapartments.com\/apartments\/#breadcrumb\"},\"inLanguage\":\"cs\",\"potentialAction\":[{\"@type\":\"ReadAction\",\"target\":[\"https:\/\/www.toppragueapartments.com\/apartments\/\"]}]},{\"@type\":\"ImageObject\",\"inLanguage\":\"cs\",\"@id\":\"https:\/\/www.toppragueapartments.com\/apartments\/#primaryimage\",\"url\":\"https:\/\/www.toppragueapartments.com\/wp-content\/uploads\/2016\/06\/Zluty-obyvak2-e1468398417579.jpg\",\"contentUrl\":\"https:\/\/www.toppragueapartments.com\/wp-content\/uploads\/2016\/06\/Zluty-obyvak2-e1468398417579.jpg\",\"width\":1800,\"height\":1205},{\"@type\":\"BreadcrumbList\",\"@id\":\"https:\/\/www.toppragueapartments.com\/apartments\/#breadcrumb\",\"itemListElement\":[{\"@type\":\"ListItem\",\"position\":1,\"name\":\"Home\",\"item\":\"https:\/\/www.toppragueapartments.com\/cs\/\"},{\"@type\":\"ListItem\",\"position\":2,\"name\":\"Apartm\u00e1ny\"}]},{\"@type\":\"WebSite\",\"@id\":\"https:\/\/www.toppragueapartments.com\/#website\",\"url\":\"https:\/\/www.toppragueapartments.com\/\",\"name\":\"Top Prague Apartments\",\"description\":\"Beautiful apartments in the heart of the Europe Apartments are situated in the separated 5th floor with an elevator and they are completely reconstructed. There is a free WiFi and a cable connection available for all the guests.\",\"potentialAction\":[{\"@type\":\"SearchAction\",\"target\":{\"@type\":\"EntryPoint\",\"urlTemplate\":\"https:\/\/www.toppragueapartments.com\/?s={search_term_string}\"},\"query-input\":{\"@type\":\"PropertyValueSpecification\",\"valueRequired\":true,\"valueName\":\"search_term_string\"}}],\"inLanguage\":\"cs\"}]}<\/script>\n<!-- \/ Yoast SEO plugin. -->","yoast_head_json":{"title":"Apartm\u00e1ny - Top Prague Apartments","description":"Kr\u00e1sn\u00e9 a modern\u00ed apartm\u00e1ny v centru Prahy. Perfektn\u00ed dostupnost a sv\u011bl\u00e9 eny. Zarezervujtesi apartm\u00e1n je\u0161t\u011b dnes a nav\u0161tivte Prahu.","robots":{"index":"index","follow":"follow","max-snippet":"max-snippet:-1","max-image-preview":"max-image-preview:large","max-video-preview":"max-video-preview:-1"},"canonical":"https:\/\/www.toppragueapartments.com\/apartments\/","og_locale":"cs_CZ","og_type":"article","og_title":"Apartm\u00e1ny - Top Prague Apartments","og_description":"Kr\u00e1sn\u00e9 a modern\u00ed apartm\u00e1ny v centru Prahy. Perfektn\u00ed dostupnost a sv\u011bl\u00e9 eny. Zarezervujtesi apartm\u00e1n je\u0161t\u011b dnes a nav\u0161tivte Prahu.","og_url":"https:\/\/www.toppragueapartments.com\/apartments\/","og_site_name":"Top Prague Apartments","article_modified_time":"2016-07-26T09:07:19+00:00","og_image":[{"width":1800,"height":1205,"url":"https:\/\/www.toppragueapartments.com\/wp-content\/uploads\/2016\/06\/Zluty-obyvak2-e1468398417579.jpg","type":"image\/jpeg"}],"twitter_card":"summary_large_image","twitter_misc":{"Odhadovan\u00e1 doba \u010dten\u00ed":"6 minut"},"schema":{"@context":"https:\/\/schema.org","@graph":[{"@type":"WebPage","@id":"https:\/\/www.toppragueapartments.com\/apartments\/","url":"https:\/\/www.toppragueapartments.com\/apartments\/","name":"Apartm\u00e1ny - Top Prague Apartments","isPartOf":{"@id":"https:\/\/www.toppragueapartments.com\/#website"},"primaryImageOfPage":{"@id":"https:\/\/www.toppragueapartments.com\/apartments\/#primaryimage"},"image":{"@id":"https:\/\/www.toppragueapartments.com\/apartments\/#primaryimage"},"thumbnailUrl":"https:\/\/www.toppragueapartments.com\/wp-content\/uploads\/2016\/06\/Zluty-obyvak2-e1468398417579.jpg","datePublished":"2016-07-12T13:25:01+00:00","dateModified":"2016-07-26T09:07:19+00:00","description":"Kr\u00e1sn\u00e9 a modern\u00ed apartm\u00e1ny v centru Prahy. Perfektn\u00ed dostupnost a sv\u011bl\u00e9 eny. Zarezervujtesi apartm\u00e1n je\u0161t\u011b dnes a nav\u0161tivte Prahu.","breadcrumb":{"@id":"https:\/\/www.toppragueapartments.com\/apartments\/#breadcrumb"},"inLanguage":"cs","potentialAction":[{"@type":"ReadAction","target":["https:\/\/www.toppragueapartments.com\/apartments\/"]}]},{"@type":"ImageObject","inLanguage":"cs","@id":"https:\/\/www.toppragueapartments.com\/apartments\/#primaryimage","url":"https:\/\/www.toppragueapartments.com\/wp-content\/uploads\/2016\/06\/Zluty-obyvak2-e1468398417579.jpg","contentUrl":"https:\/\/www.toppragueapartments.com\/wp-content\/uploads\/2016\/06\/Zluty-obyvak2-e1468398417579.jpg","width":1800,"height":1205},{"@type":"BreadcrumbList","@id":"https:\/\/www.toppragueapartments.com\/apartments\/#breadcrumb","itemListElement":[{"@type":"ListItem","position":1,"name":"Home","item":"https:\/\/www.toppragueapartments.com\/cs\/"},{"@type":"ListItem","position":2,"name":"Apartm\u00e1ny"}]},{"@type":"WebSite","@id":"https:\/\/www.toppragueapartments.com\/#website","url":"https:\/\/www.toppragueapartments.com\/","name":"Top Prague Apartments","description":"Beautiful apartments in the heart of the Europe Apartments are situated in the separated 5th floor with an elevator and they are completely reconstructed. There is a free WiFi and a cable connection available for all the guests.","potentialAction":[{"@type":"SearchAction","target":{"@type":"EntryPoint","urlTemplate":"https:\/\/www.toppragueapartments.com\/?s={search_term_string}"},"query-input":{"@type":"PropertyValueSpecification","valueRequired":true,"valueName":"search_term_string"}}],"inLanguage":"cs"}]}},"_links":{"self":[{"href":"https:\/\/www.toppragueapartments.com\/cs\/wp-json\/wp\/v2\/pages\/330","targetHints":{"allow":["GET"]}}],"collection":[{"href":"https:\/\/www.toppragueapartments.com\/cs\/wp-json\/wp\/v2\/pages"}],"about":[{"href":"https:\/\/www.toppragueapartments.com\/cs\/wp-json\/wp\/v2\/types\/page"}],"author":[{"embeddable":true,"href":"https:\/\/www.toppragueapartments.com\/cs\/wp-json\/wp\/v2\/users\/5"}],"replies":[{"embeddable":true,"href":"https:\/\/www.toppragueapartments.com\/cs\/wp-json\/wp\/v2\/comments?post=330"}],"version-history":[{"count":5,"href":"https:\/\/www.toppragueapartments.com\/cs\/wp-json\/wp\/v2\/pages\/330\/revisions"}],"predecessor-version":[{"id":748,"href":"https:\/\/www.toppragueapartments.com\/cs\/wp-json\/wp\/v2\/pages\/330\/revisions\/748"}],"wp:featuredmedia":[{"embeddable":true,"href":"https:\/\/www.toppragueapartments.com\/cs\/wp-json\/wp\/v2\/media\/153"}],"wp:attachment":[{"href":"https:\/\/www.toppragueapartments.com\/cs\/wp-json\/wp\/v2\/media?parent=330"}],"curies":[{"name":"wp","href":"https:\/\/api.w.org\/{rel}","templated":true}]}}