{"id":350,"date":"2016-07-12T14:14:33","date_gmt":"2016-07-12T14:14:33","guid":{"rendered":"http:\/\/new.toppragueapartments.com\/cs\/?page_id=350"},"modified":"2016-07-21T10:18:58","modified_gmt":"2016-07-21T10:18:58","slug":"rezervace","status":"publish","type":"page","link":"https:\/\/www.toppragueapartments.com\/cs\/rezervace\/","title":{"rendered":"Rezervace"},"content":{"rendered":"[et_pb_section admin_label=&#8220;Section&#8220; fullwidth=&#8220;on&#8220; specialty=&#8220;off&#8220; transparent_background=&#8220;off&#8220; background_color=&#8220;#ffffff&#8220; allow_player_pause=&#8220;off&#8220; inner_shadow=&#8220;off&#8220; parallax=&#8220;off&#8220; parallax_method=&#8220;off&#8220; padding_mobile=&#8220;off&#8220; make_fullwidth=&#8220;off&#8220; use_custom_width=&#8220;off&#8220; width_unit=&#8220;on&#8220; make_equal=&#8220;off&#8220; use_custom_gutter=&#8220;off&#8220;][et_pb_fullwidth_header admin_label=&#8220;Fullwidth Header&#8220; background_layout=&#8220;light&#8220; text_orientation=&#8220;left&#8220; header_fullscreen=&#8220;off&#8220; header_scroll_down=&#8220;off&#8220; background_url=&#8220;https:\/\/toppragueapartments.com\/wp-content\/uploads\/2016\/06\/Hrad.jpg&#8220; background_overlay_color=&#8220;rgba(0,0,0,0.29)&#8220; parallax=&#8220;off&#8220; parallax_method=&#8220;off&#8220; content_orientation=&#8220;center&#8220; image_orientation=&#8220;center&#8220; custom_button_one=&#8220;off&#8220; button_one_letter_spacing=&#8220;0&#8243; button_one_use_icon=&#8220;default&#8220; button_one_icon_placement=&#8220;right&#8220; button_one_on_hover=&#8220;on&#8220; button_one_letter_spacing_hover=&#8220;0&#8243; custom_button_two=&#8220;off&#8220; button_two_letter_spacing=&#8220;0&#8243; button_two_use_icon=&#8220;default&#8220; button_two_icon_placement=&#8220;right&#8220; button_two_on_hover=&#8220;on&#8220; button_two_letter_spacing_hover=&#8220;0&#8243;] [\/et_pb_fullwidth_header][\/et_pb_section][et_pb_section admin_label=&#8220;Section&#8220; fullwidth=&#8220;off&#8220; specialty=&#8220;on&#8220; transparent_background=&#8220;off&#8220; background_color=&#8220;#ffffff&#8220; allow_player_pause=&#8220;off&#8220; inner_shadow=&#8220;off&#8220; parallax=&#8220;off&#8220; parallax_method=&#8220;off&#8220; padding_mobile=&#8220;off&#8220; make_fullwidth=&#8220;off&#8220; use_custom_width=&#8220;on&#8220; width_unit=&#8220;off&#8220; custom_width_percent=&#8220;75%&#8220; make_equal=&#8220;off&#8220; use_custom_gutter=&#8220;off&#8220; parallax_1=&#8220;off&#8220; parallax_method_1=&#8220;off&#8220; parallax_2=&#8220;off&#8220; parallax_method_2=&#8220;off&#8220;][et_pb_column type=&#8220;1_2&#8243; specialty_columns=&#8220;2&#8243;][et_pb_row_inner admin_label=&#8220;Row&#8220; padding_mobile=&#8220;off&#8220; use_custom_gutter=&#8220;on&#8220; gutter_width=&#8220;4&#8243; column_padding_mobile=&#8220;on&#8220; make_equal=&#8220;off&#8220; parallax_1=&#8220;off&#8220; parallax_method_1=&#8220;off&#8220;][et_pb_column_inner type=&#8220;4_4&#8243; saved_specialty_column_type=&#8220;1_2&#8243;][et_pb_text admin_label=&#8220;Text&#8220; background_layout=&#8220;light&#8220; text_orientation=&#8220;left&#8220; use_border_color=&#8220;off&#8220; border_color=&#8220;#ffffff&#8220; border_style=&#8220;solid&#8220;]\n<h1>Rezervace apartm\u00e1nu<\/h1>\n[\/et_pb_text][et_pb_text admin_label=&#8220;Text&#8220; background_layout=&#8220;light&#8220; text_orientation=&#8220;left&#8220; use_border_color=&#8220;off&#8220; border_color=&#8220;#ffffff&#8220; border_style=&#8220;solid&#8220;] M\u016f\u017eete prov\u00e9st rezervaci apartm\u00e1nu pomoc\u00ed formul\u00e1\u0159e na prav\u00e9 stran\u011b a my v\u00e1m obratem potvrd\u00edme v\u00e1\u0161 po\u017eadavek. Cena apartm\u00e1nu je pro dv\u011b osoby, ka\u017ed\u00fd dal\u0161\u00ed osoba stoj\u00ed 8 EUR. [\/et_pb_text][\/et_pb_column_inner][\/et_pb_row_inner][et_pb_row_inner admin_label=&#8220;Row&#8220;][et_pb_column_inner type=&#8220;4_4&#8243; saved_specialty_column_type=&#8220;1_2&#8243;][et_pb_text admin_label=&#8220;Text&#8220; background_layout=&#8220;light&#8220; text_orientation=&#8220;left&#8220; use_border_color=&#8220;off&#8220; border_color=&#8220;#ffffff&#8220; border_style=&#8220;solid&#8220;]\n<h2>Cen\u00edk<\/h2>\n<p>Ceny jsou stanoveny pro dv\u011b osoby na noc a jsou stejn\u00e9 pro v\u0161echny apartm\u00e1ny (Violet, Green, Yellow), li\u0161\u00ed se pouze podle sez\u00f3ny. Za dal\u0161\u00ed osoby a slu\u017eby jsou stanoveny poplatky.<\/p>\n[\/et_pb_text][et_pb_text admin_label=&#8220;Text&#8220; background_layout=&#8220;light&#8220; text_orientation=&#8220;left&#8220; use_border_color=&#8220;off&#8220; border_color=&#8220;#ffffff&#8220; border_style=&#8220;solid&#8220; custom_padding=&#8220;|||0px&#8220;]\n<table style=\"width: 100%;\">\n<tbody>\n<tr style=\"height: 23px;\">\n<td style=\"height: 23px;\">Mimo sez\u00f3nu:\u00a0(1\/11 \u2013 22\/12 a\u00a04\/1 \u2013 23\/3)<\/td>\n<td style=\"height: 23px;\">49 EUR<\/td>\n<\/tr>\n<tr style=\"height: 23px; background-color: #f0f0f0;\">\n<td style=\"height: 23px;\">Hlavn\u00ed sez\u00f3na: (29\/3 \u2013 31\/10)<\/td>\n<td style=\"height: 23px;\">59 EUR<\/td>\n<\/tr>\n<tr style=\"height: 23px;\">\n<td style=\"height: 23px;\">Velikonoce:\u00a0(13\/4 \u2013 17\/4)<\/td>\n<td style=\"height: 23px;\">69 EUR<\/td>\n<\/tr>\n<tr style=\"height: 23px; background-color: #f0f0f0;\">\n<td style=\"height: 23px;\">V\u00e1noce:\u00a0(23\/12 \u2013 1\/1)<\/td>\n<td style=\"height: 23px;\">79 EUR<\/td>\n<\/tr>\n<tr style=\"height: 23px;\">\n<td style=\"height: 23px;\">1\u00a0osoba nav\u00edc<\/td>\n<td style=\"height: 23px;\">8 EUR<\/td>\n<\/tr>\n<tr style=\"height: 23px; background-color: #f0f0f0;\">\n<td style=\"height: 23px;\">\u00daklidov\u00e9 slu\u017eby<\/td>\n<td style=\"height: 23px;\">20 EUR<\/td>\n<\/tr>\n<\/tbody>\n<\/table>\n[\/et_pb_text][\/et_pb_column_inner][\/et_pb_row_inner][\/et_pb_column][et_pb_column type=&#8220;1_2&#8243;][et_pb_text admin_label=&#8220;Text&#8220; background_layout=&#8220;light&#8220; text_orientation=&#8220;left&#8220; use_border_color=&#8220;off&#8220; border_color=&#8220;#ffffff&#8220; border_style=&#8220;solid&#8220;] <div class=\"wpforms-container wpforms-container-full\" id=\"wpforms-373\"><form id=\"wpforms-form-373\" class=\"wpforms-validate wpforms-form\" data-formid=\"373\" method=\"post\" enctype=\"multipart\/form-data\" action=\"\/cs\/wp-json\/wp\/v2\/pages\/350\" data-token=\"bbfe93502a1771810c7f4c2d6577a382\" data-token-time=\"1776746140\"><noscript class=\"wpforms-error-noscript\">Chcete-li vyplnit tento formul\u00e1\u0159, pros\u00edm povolte v prohl\u00ed\u017ee\u010di JavaScript.<\/noscript><div class=\"wpforms-field-container\"><div id=\"wpforms-373-field_1-container\" class=\"wpforms-field wpforms-field-name\" data-field-id=\"1\"><label class=\"wpforms-field-label\" for=\"wpforms-373-field_1\">Jm\u00e9no <span class=\"wpforms-required-label\">*<\/span><\/label><div class=\"wpforms-field-row wpforms-field-large\"><div class=\"wpforms-field-row-block wpforms-first wpforms-one-half\"><input type=\"text\" id=\"wpforms-373-field_1\" class=\"wpforms-field-name-first wpforms-field-required\" name=\"wpforms[fields][1][first]\" placeholder=\"Jm\u00e9no\" required><label for=\"wpforms-373-field_1\" class=\"wpforms-field-sublabel after wpforms-sublabel-hide\">K\u0159estn\u00ed jm\u00e9no<\/label><\/div><div class=\"wpforms-field-row-block wpforms-one-half\"><input type=\"text\" id=\"wpforms-373-field_1-last\" class=\"wpforms-field-name-last wpforms-field-required\" name=\"wpforms[fields][1][last]\" placeholder=\"P\u0159\u00edjmen\u00ed\" required><label for=\"wpforms-373-field_1-last\" class=\"wpforms-field-sublabel after wpforms-sublabel-hide\">P\u0159\u00edjmen\u00ed<\/label><\/div><\/div><\/div><div id=\"wpforms-373-field_2-container\" class=\"wpforms-field wpforms-field-email\" data-field-id=\"2\"><label class=\"wpforms-field-label\" for=\"wpforms-373-field_2\">Email <span class=\"wpforms-required-label\">*<\/span><\/label><input type=\"email\" id=\"wpforms-373-field_2\" class=\"wpforms-field-large wpforms-field-required\" name=\"wpforms[fields][2]\" placeholder=\"Email\" spellcheck=\"false\" required><\/div><div id=\"wpforms-373-field_3-container\" class=\"wpforms-field wpforms-field-phone\" data-field-id=\"3\"><label class=\"wpforms-field-label\" for=\"wpforms-373-field_3\">Telefon <span class=\"wpforms-required-label\">*<\/span><\/label><input type=\"tel\" id=\"wpforms-373-field_3\" class=\"wpforms-field-large wpforms-field-required\" data-rule-int-phone-field=\"true\" name=\"wpforms[fields][3]\" placeholder=\"Telefon\" aria-label=\"Telefon\" required><\/div><div id=\"wpforms-373-field_4-container\" class=\"wpforms-field wpforms-field-date-time\" data-field-id=\"4\"><label class=\"wpforms-field-label\" for=\"wpforms-373-field_4\">P\u0159\u00edjezd <span class=\"wpforms-required-label\">*<\/span><\/label><div class=\"wpforms-field-row wpforms-field-large\"><div class=\"wpforms-field-row-block wpforms-date-type-datepicker\"><div class=\"wpforms-datepicker-wrap\"><input type=\"text\" id=\"wpforms-373-field_4\" class=\"wpforms-field-date-time-date wpforms-datepicker wpforms-field-required\" data-date-format=\"d\/m\/Y\" data-disable-past-dates=\"0\" data-input=\"true\" name=\"wpforms[fields][4][date]\" placeholder=\"Datum\" required><a title=\"Clear Date\" data-clear role=\"button\" tabindex=\"0\" class=\"wpforms-datepicker-clear\" aria-label=\"Clear Date\" style=\"display:none;\"><\/a><\/div><label for=\"wpforms-373-field_4\" class=\"wpforms-field-sublabel after wpforms-sublabel-hide\">Date<\/label><\/div><div class=\"wpforms-field-row-block\"><input type=\"text\" id=\"wpforms-373-field_4-time\" class=\"wpforms-field-date-time-time wpforms-timepicker wpforms-field-required\" data-time-format=\"H:i A\" data-step=\"60\" data-rule-time24h=\"true\" name=\"wpforms[fields][4][time]\" placeholder=\"\u010cas\" required><label for=\"wpforms-373-field_4-time\" class=\"wpforms-field-sublabel after wpforms-sublabel-hide\">Time<\/label><\/div><\/div><\/div><div id=\"wpforms-373-field_5-container\" class=\"wpforms-field wpforms-field-date-time\" data-field-id=\"5\"><label class=\"wpforms-field-label\" for=\"wpforms-373-field_5\">Odjezd <span class=\"wpforms-required-label\">*<\/span><\/label><div class=\"wpforms-datepicker-wrap\"><input type=\"text\" id=\"wpforms-373-field_5\" class=\"wpforms-field-date-time-date wpforms-datepicker wpforms-field-required wpforms-field-large\" data-date-format=\"m\/d\/Y\" data-disable-past-dates=\"0\" data-input=\"true\" name=\"wpforms[fields][5][date]\" placeholder=\"Datum\" required><a title=\"Clear Date\" data-clear role=\"button\" tabindex=\"0\" class=\"wpforms-datepicker-clear\" aria-label=\"Clear Date\" style=\"display:none;\"><\/a><\/div><\/div><div id=\"wpforms-373-field_6-container\" class=\"wpforms-field wpforms-field-select\" data-field-id=\"6\"><label class=\"wpforms-field-label\" for=\"wpforms-373-field_6\">Vybrat apartm\u00e1n <span class=\"wpforms-required-label\">*<\/span><\/label><select id=\"wpforms-373-field_6\" class=\"wpforms-field-large wpforms-field-required\" name=\"wpforms[fields][6]\" required=\"required\"><option value=\"\" class=\"placeholder\" disabled  selected='selected'>Zvolit<\/option><option value=\"Nez\u00e1le\u017e\u00ed\"  class=\"choice-4 depth-1\"  >Nez\u00e1le\u017e\u00ed<\/option><option value=\"Violet\"  class=\"choice-1 depth-1\"  >Violet<\/option><option value=\"Yellow\"  class=\"choice-2 depth-1\"  >Yellow<\/option><option value=\"Green\"  class=\"choice-3 depth-1\"  >Green<\/option><\/select><\/div><div id=\"wpforms-373-field_8-container\" class=\"wpforms-field wpforms-field-checkbox\" data-field-id=\"8\"><label class=\"wpforms-field-label wpforms-label-hide\">Dodate\u010dn\u00e9 informace<\/label><ul id=\"wpforms-373-field_8\"><li class=\"choice-1 depth-1\"><input type=\"checkbox\" id=\"wpforms-373-field_8_1\" name=\"wpforms[fields][8][]\" value=\"Pokud nebude zvolen\u00fd apartm\u00e1n k dispozici, nab\u00eddn\u011bte mi pros\u00edm jin\u00fd.\"  ><label class=\"wpforms-field-label-inline\" for=\"wpforms-373-field_8_1\">Pokud nebude zvolen\u00fd apartm\u00e1n k dispozici, nab\u00eddn\u011bte mi pros\u00edm jin\u00fd.<\/label><\/li><\/ul><\/div><div id=\"wpforms-373-field_7-container\" class=\"wpforms-field wpforms-field-textarea\" data-field-id=\"7\"><label class=\"wpforms-field-label\" for=\"wpforms-373-field_7\">Pozn\u00e1mky<\/label><textarea id=\"wpforms-373-field_7\" class=\"wpforms-field-medium\" name=\"wpforms[fields][7]\" placeholder=\"Dal\u0161\u00ed informace k va\u0161\u00ed rezervaci\" ><\/textarea><\/div><\/div><!-- .wpforms-field-container --><div class=\"wpforms-field wpforms-field-hp\"><label for=\"wpforms-373-field-hp\" class=\"wpforms-field-label\">Comment<\/label><input type=\"text\" name=\"wpforms[hp]\" id=\"wpforms-373-field-hp\" class=\"wpforms-field-medium\"><\/div><div class=\"wpforms-recaptcha-container wpforms-is-recaptcha wpforms-is-recaptcha-type-v2\" ><div class=\"g-recaptcha\" data-sitekey=\"6LcGkiUTAAAAAMCvzRdeNSsE7yZ8dFIJ5_HHe0n7\"><\/div><input type=\"text\" name=\"g-recaptcha-hidden\" class=\"wpforms-recaptcha-hidden\" style=\"position:absolute!important;clip:rect(0,0,0,0)!important;height:1px!important;width:1px!important;border:0!important;overflow:hidden!important;padding:0!important;margin:0!important;\" data-rule-recaptcha=\"1\"><\/div><div class=\"wpforms-submit-container\" ><input type=\"hidden\" name=\"wpforms[id]\" value=\"373\"><input type=\"hidden\" name=\"page_title\" value=\"\"><input type=\"hidden\" name=\"page_url\" value=\"https:\/\/www.toppragueapartments.com\/cs\/wp-json\/wp\/v2\/pages\/350\"><input type=\"hidden\" name=\"url_referer\" value=\"\"><button type=\"submit\" name=\"wpforms[submit]\" id=\"wpforms-submit-373\" class=\"wpforms-submit\" aria-live=\"assertive\" value=\"wpforms-submit\">Odelsat<\/button><\/div><\/form><\/div>  <!-- .wpforms-container --> [\/et_pb_text][\/et_pb_column][\/et_pb_section]\n","protected":false},"excerpt":{"rendered":"<p>Rezervace apartm\u00e1nu M\u016f\u017eete prov\u00e9st rezervaci apartm\u00e1nu pomoc\u00ed formul\u00e1\u0159e na prav\u00e9 stran\u011b a my v\u00e1m obratem potvrd\u00edme v\u00e1\u0161 po\u017eadavek. Cena apartm\u00e1nu je pro dv\u011b osoby, ka\u017ed\u00fd dal\u0161\u00ed osoba stoj\u00ed 8 EUR. Cen\u00edk Ceny jsou stanoveny pro dv\u011b osoby na noc a jsou stejn\u00e9 pro v\u0161echny apartm\u00e1ny (Violet, Green, Yellow), li\u0161\u00ed se pouze podle sez\u00f3ny. Za dal\u0161\u00ed [&hellip;]<\/p>\n","protected":false},"author":5,"featured_media":152,"parent":0,"menu_order":0,"comment_status":"closed","ping_status":"closed","template":"","meta":{"_et_pb_use_builder":"on","_et_pb_old_content":"","_et_gb_content_width":"","_monsterinsights_skip_tracking":false,"_monsterinsights_sitenote_active":false,"_monsterinsights_sitenote_note":"","_monsterinsights_sitenote_category":0,"footnotes":""},"class_list":["post-350","page","type-page","status-publish","has-post-thumbnail","hentry"],"yoast_head":"<!-- This site is optimized with the Yoast SEO plugin v26.4 - https:\/\/yoast.com\/wordpress\/plugins\/seo\/ -->\n<title>Rezervace - Top Prague Apartments<\/title>\n<meta name=\"description\" content=\"Rezervujte si n\u011bkter\u00fd z na\u0161ich pra\u017esk\u00fdch apartm\u00e1n\u016f a u\u017eijte si pobyt v Praze. Rezervace je velmi jednoduch\u00e1 a po odesl\u00e1n\u00ed v\u00e1m potvrd\u00edme po\u0159adavek.\" \/>\n<meta name=\"robots\" content=\"index, follow, max-snippet:-1, max-image-preview:large, max-video-preview:-1\" \/>\n<link rel=\"canonical\" href=\"https:\/\/www.toppragueapartments.com\/reservation\/\" \/>\n<meta property=\"og:locale\" content=\"cs_CZ\" \/>\n<meta property=\"og:type\" content=\"article\" \/>\n<meta property=\"og:title\" content=\"Rezervace - Top Prague Apartments\" \/>\n<meta property=\"og:description\" content=\"Rezervujte si n\u011bkter\u00fd z na\u0161ich pra\u017esk\u00fdch apartm\u00e1n\u016f a u\u017eijte si pobyt v Praze. Rezervace je velmi jednoduch\u00e1 a po odesl\u00e1n\u00ed v\u00e1m potvrd\u00edme po\u0159adavek.\" \/>\n<meta property=\"og:url\" content=\"https:\/\/www.toppragueapartments.com\/reservation\/\" \/>\n<meta property=\"og:site_name\" content=\"Top Prague Apartments\" \/>\n<meta property=\"article:modified_time\" content=\"2016-07-21T10:18:58+00:00\" \/>\n<meta property=\"og:image\" content=\"https:\/\/www.toppragueapartments.com\/wp-content\/uploads\/2016\/06\/Zluty-obyvak1.jpg\" \/>\n\t<meta property=\"og:image:width\" content=\"1\" \/>\n\t<meta property=\"og:image:height\" content=\"1\" \/>\n\t<meta property=\"og:image:type\" content=\"image\/jpeg\" \/>\n<meta name=\"twitter:card\" content=\"summary_large_image\" \/>\n<meta name=\"twitter:label1\" content=\"Odhadovan\u00e1 doba \u010dten\u00ed\" \/>\n\t<meta name=\"twitter:data1\" content=\"3 minuty\" \/>\n<script type=\"application\/ld+json\" class=\"yoast-schema-graph\">{\"@context\":\"https:\/\/schema.org\",\"@graph\":[{\"@type\":\"WebPage\",\"@id\":\"https:\/\/www.toppragueapartments.com\/reservation\/\",\"url\":\"https:\/\/www.toppragueapartments.com\/reservation\/\",\"name\":\"Rezervace - Top Prague Apartments\",\"isPartOf\":{\"@id\":\"https:\/\/www.toppragueapartments.com\/#website\"},\"primaryImageOfPage\":{\"@id\":\"https:\/\/www.toppragueapartments.com\/reservation\/#primaryimage\"},\"image\":{\"@id\":\"https:\/\/www.toppragueapartments.com\/reservation\/#primaryimage\"},\"thumbnailUrl\":\"https:\/\/www.toppragueapartments.com\/wp-content\/uploads\/2016\/06\/Zluty-obyvak1.jpg\",\"datePublished\":\"2016-07-12T14:14:33+00:00\",\"dateModified\":\"2016-07-21T10:18:58+00:00\",\"description\":\"Rezervujte si n\u011bkter\u00fd z na\u0161ich pra\u017esk\u00fdch apartm\u00e1n\u016f a u\u017eijte si pobyt v Praze. Rezervace je velmi jednoduch\u00e1 a po odesl\u00e1n\u00ed v\u00e1m potvrd\u00edme po\u0159adavek.\",\"breadcrumb\":{\"@id\":\"https:\/\/www.toppragueapartments.com\/reservation\/#breadcrumb\"},\"inLanguage\":\"cs\",\"potentialAction\":[{\"@type\":\"ReadAction\",\"target\":[\"https:\/\/www.toppragueapartments.com\/reservation\/\"]}]},{\"@type\":\"ImageObject\",\"inLanguage\":\"cs\",\"@id\":\"https:\/\/www.toppragueapartments.com\/reservation\/#primaryimage\",\"url\":\"https:\/\/www.toppragueapartments.com\/wp-content\/uploads\/2016\/06\/Zluty-obyvak1.jpg\",\"contentUrl\":\"https:\/\/www.toppragueapartments.com\/wp-content\/uploads\/2016\/06\/Zluty-obyvak1.jpg\"},{\"@type\":\"BreadcrumbList\",\"@id\":\"https:\/\/www.toppragueapartments.com\/reservation\/#breadcrumb\",\"itemListElement\":[{\"@type\":\"ListItem\",\"position\":1,\"name\":\"Home\",\"item\":\"https:\/\/www.toppragueapartments.com\/cs\/\"},{\"@type\":\"ListItem\",\"position\":2,\"name\":\"Rezervace\"}]},{\"@type\":\"WebSite\",\"@id\":\"https:\/\/www.toppragueapartments.com\/#website\",\"url\":\"https:\/\/www.toppragueapartments.com\/\",\"name\":\"Top Prague Apartments\",\"description\":\"Beautiful apartments in the heart of the Europe Apartments are situated in the separated 5th floor with an elevator and they are completely reconstructed. There is a free WiFi and a cable connection available for all the guests.\",\"potentialAction\":[{\"@type\":\"SearchAction\",\"target\":{\"@type\":\"EntryPoint\",\"urlTemplate\":\"https:\/\/www.toppragueapartments.com\/?s={search_term_string}\"},\"query-input\":{\"@type\":\"PropertyValueSpecification\",\"valueRequired\":true,\"valueName\":\"search_term_string\"}}],\"inLanguage\":\"cs\"}]}<\/script>\n<!-- \/ Yoast SEO plugin. -->","yoast_head_json":{"title":"Rezervace - Top Prague Apartments","description":"Rezervujte si n\u011bkter\u00fd z na\u0161ich pra\u017esk\u00fdch apartm\u00e1n\u016f a u\u017eijte si pobyt v Praze. Rezervace je velmi jednoduch\u00e1 a po odesl\u00e1n\u00ed v\u00e1m potvrd\u00edme po\u0159adavek.","robots":{"index":"index","follow":"follow","max-snippet":"max-snippet:-1","max-image-preview":"max-image-preview:large","max-video-preview":"max-video-preview:-1"},"canonical":"https:\/\/www.toppragueapartments.com\/reservation\/","og_locale":"cs_CZ","og_type":"article","og_title":"Rezervace - Top Prague Apartments","og_description":"Rezervujte si n\u011bkter\u00fd z na\u0161ich pra\u017esk\u00fdch apartm\u00e1n\u016f a u\u017eijte si pobyt v Praze. Rezervace je velmi jednoduch\u00e1 a po odesl\u00e1n\u00ed v\u00e1m potvrd\u00edme po\u0159adavek.","og_url":"https:\/\/www.toppragueapartments.com\/reservation\/","og_site_name":"Top Prague Apartments","article_modified_time":"2016-07-21T10:18:58+00:00","og_image":[{"url":"https:\/\/www.toppragueapartments.com\/wp-content\/uploads\/2016\/06\/Zluty-obyvak1.jpg","width":1,"height":1,"type":"image\/jpeg"}],"twitter_card":"summary_large_image","twitter_misc":{"Odhadovan\u00e1 doba \u010dten\u00ed":"3 minuty"},"schema":{"@context":"https:\/\/schema.org","@graph":[{"@type":"WebPage","@id":"https:\/\/www.toppragueapartments.com\/reservation\/","url":"https:\/\/www.toppragueapartments.com\/reservation\/","name":"Rezervace - Top Prague Apartments","isPartOf":{"@id":"https:\/\/www.toppragueapartments.com\/#website"},"primaryImageOfPage":{"@id":"https:\/\/www.toppragueapartments.com\/reservation\/#primaryimage"},"image":{"@id":"https:\/\/www.toppragueapartments.com\/reservation\/#primaryimage"},"thumbnailUrl":"https:\/\/www.toppragueapartments.com\/wp-content\/uploads\/2016\/06\/Zluty-obyvak1.jpg","datePublished":"2016-07-12T14:14:33+00:00","dateModified":"2016-07-21T10:18:58+00:00","description":"Rezervujte si n\u011bkter\u00fd z na\u0161ich pra\u017esk\u00fdch apartm\u00e1n\u016f a u\u017eijte si pobyt v Praze. Rezervace je velmi jednoduch\u00e1 a po odesl\u00e1n\u00ed v\u00e1m potvrd\u00edme po\u0159adavek.","breadcrumb":{"@id":"https:\/\/www.toppragueapartments.com\/reservation\/#breadcrumb"},"inLanguage":"cs","potentialAction":[{"@type":"ReadAction","target":["https:\/\/www.toppragueapartments.com\/reservation\/"]}]},{"@type":"ImageObject","inLanguage":"cs","@id":"https:\/\/www.toppragueapartments.com\/reservation\/#primaryimage","url":"https:\/\/www.toppragueapartments.com\/wp-content\/uploads\/2016\/06\/Zluty-obyvak1.jpg","contentUrl":"https:\/\/www.toppragueapartments.com\/wp-content\/uploads\/2016\/06\/Zluty-obyvak1.jpg"},{"@type":"BreadcrumbList","@id":"https:\/\/www.toppragueapartments.com\/reservation\/#breadcrumb","itemListElement":[{"@type":"ListItem","position":1,"name":"Home","item":"https:\/\/www.toppragueapartments.com\/cs\/"},{"@type":"ListItem","position":2,"name":"Rezervace"}]},{"@type":"WebSite","@id":"https:\/\/www.toppragueapartments.com\/#website","url":"https:\/\/www.toppragueapartments.com\/","name":"Top Prague Apartments","description":"Beautiful apartments in the heart of the Europe Apartments are situated in the separated 5th floor with an elevator and they are completely reconstructed. There is a free WiFi and a cable connection available for all the guests.","potentialAction":[{"@type":"SearchAction","target":{"@type":"EntryPoint","urlTemplate":"https:\/\/www.toppragueapartments.com\/?s={search_term_string}"},"query-input":{"@type":"PropertyValueSpecification","valueRequired":true,"valueName":"search_term_string"}}],"inLanguage":"cs"}]}},"_links":{"self":[{"href":"https:\/\/www.toppragueapartments.com\/cs\/wp-json\/wp\/v2\/pages\/350","targetHints":{"allow":["GET"]}}],"collection":[{"href":"https:\/\/www.toppragueapartments.com\/cs\/wp-json\/wp\/v2\/pages"}],"about":[{"href":"https:\/\/www.toppragueapartments.com\/cs\/wp-json\/wp\/v2\/types\/page"}],"author":[{"embeddable":true,"href":"https:\/\/www.toppragueapartments.com\/cs\/wp-json\/wp\/v2\/users\/5"}],"replies":[{"embeddable":true,"href":"https:\/\/www.toppragueapartments.com\/cs\/wp-json\/wp\/v2\/comments?post=350"}],"version-history":[{"count":5,"href":"https:\/\/www.toppragueapartments.com\/cs\/wp-json\/wp\/v2\/pages\/350\/revisions"}],"predecessor-version":[{"id":579,"href":"https:\/\/www.toppragueapartments.com\/cs\/wp-json\/wp\/v2\/pages\/350\/revisions\/579"}],"wp:featuredmedia":[{"embeddable":true,"href":"https:\/\/www.toppragueapartments.com\/cs\/wp-json\/wp\/v2\/media\/152"}],"wp:attachment":[{"href":"https:\/\/www.toppragueapartments.com\/cs\/wp-json\/wp\/v2\/media?parent=350"}],"curies":[{"name":"wp","href":"https:\/\/api.w.org\/{rel}","templated":true}]}}