{"id":473,"date":"2016-07-20T14:10:54","date_gmt":"2016-07-20T14:10:54","guid":{"rendered":"https:\/\/toppragueapartments.com\/cs\/?page_id=473"},"modified":"2016-07-28T08:14:58","modified_gmt":"2016-07-28T08:14:58","slug":"mapa-stranek","status":"publish","type":"page","link":"https:\/\/www.toppragueapartments.com\/cs\/mapa-stranek\/","title":{"rendered":"Mapa str\u00e1nek"},"content":{"rendered":"[et_pb_section admin_label=&#8220;Section&#8220; fullwidth=&#8220;on&#8220; specialty=&#8220;off&#8220;][et_pb_fullwidth_header admin_label=&#8220;Fullwidth Header&#8220; background_layout=&#8220;light&#8220; text_orientation=&#8220;left&#8220; header_fullscreen=&#8220;off&#8220; header_scroll_down=&#8220;off&#8220; background_url=&#8220;https:\/\/toppragueapartments.com\/wp-content\/uploads\/2016\/06\/Hrad.jpg&#8220; background_overlay_color=&#8220;rgba(0,0,0,0.53)&#8220; parallax=&#8220;off&#8220; parallax_method=&#8220;off&#8220; content_orientation=&#8220;center&#8220; image_orientation=&#8220;center&#8220; custom_button_one=&#8220;off&#8220; button_one_letter_spacing=&#8220;0&#8243; button_one_use_icon=&#8220;default&#8220; button_one_icon_placement=&#8220;right&#8220; button_one_on_hover=&#8220;on&#8220; button_one_letter_spacing_hover=&#8220;0&#8243; custom_button_two=&#8220;off&#8220; button_two_letter_spacing=&#8220;0&#8243; button_two_use_icon=&#8220;default&#8220; button_two_icon_placement=&#8220;right&#8220; button_two_on_hover=&#8220;on&#8220; button_two_letter_spacing_hover=&#8220;0&#8243;] [\/et_pb_fullwidth_header][\/et_pb_section][et_pb_section admin_label=&#8220;section&#8220;][et_pb_row admin_label=&#8220;row&#8220;][et_pb_column type=&#8220;4_4&#8243;][et_pb_text admin_label=&#8220;Text&#8220; background_layout=&#8220;light&#8220; text_orientation=&#8220;left&#8220; use_border_color=&#8220;off&#8220; border_color=&#8220;#ffffff&#8220; border_style=&#8220;solid&#8220;]\n<h1>Mapa Str\u00e1nek<\/h1>\n\n<!-- Page-list plugin v.4.3 wordpress.org\/plugins\/page-list\/ -->\n<ul class=\"page-list \">\n<li class=\"page_item page-item-330 page_item_has_children\"><a href=\"https:\/\/www.toppragueapartments.com\/cs\/apartmany\/\">Apartm\u00e1ny<\/a>\n<ul class='children'>\n\t<li class=\"page_item page-item-354\"><a href=\"https:\/\/www.toppragueapartments.com\/cs\/apartmany\/apartman-green\/\">Apartm\u00e1n Green<\/a><\/li>\n\t<li class=\"page_item page-item-346\"><a href=\"https:\/\/www.toppragueapartments.com\/cs\/apartmany\/apartman-violet\/\">Apartm\u00e1n Violet<\/a><\/li>\n\t<li class=\"page_item page-item-357\"><a href=\"https:\/\/www.toppragueapartments.com\/cs\/apartmany\/apartman-yellow\/\">Apartm\u00e1n Yellow<\/a><\/li>\n<\/ul>\n<\/li>\n<li class=\"page_item page-item-659\"><a href=\"https:\/\/www.toppragueapartments.com\/cs\/cobradesign\/\">CobraDesign<\/a><\/li>\n<li class=\"page_item page-item-753\"><a href=\"https:\/\/www.toppragueapartments.com\/cs\/hostel\/\">Hostel<\/a><\/li>\n<li class=\"page_item page-item-758\"><a href=\"https:\/\/www.toppragueapartments.com\/cs\/hotel\/\">Hotel<\/a><\/li>\n<li class=\"page_item page-item-332\"><a href=\"https:\/\/www.toppragueapartments.com\/cs\/kam-v-praze\/\">Kam v Praze<\/a><\/li>\n<li class=\"page_item page-item-334\"><a href=\"https:\/\/www.toppragueapartments.com\/cs\/kontakt\/\">Kontakt<\/a><\/li>\n<li class=\"page_item page-item-473\"><a href=\"https:\/\/www.toppragueapartments.com\/cs\/mapa-stranek\/\">Mapa str\u00e1nek<\/a><\/li>\n<li class=\"page_item page-item-328\"><a href=\"https:\/\/www.toppragueapartments.com\/cs\/o-apartmanech\/\">O apartm\u00e1nech<\/a><\/li>\n<li class=\"page_item page-item-768\"><a href=\"https:\/\/www.toppragueapartments.com\/cs\/pokoj\/\">Pokoj<\/a><\/li>\n<li class=\"page_item page-item-762\"><a href=\"https:\/\/www.toppragueapartments.com\/cs\/prava-a-povinnosti\/\">Pr\u00e1va a povinnosti<\/a><\/li>\n<li class=\"page_item page-item-780\"><a href=\"https:\/\/www.toppragueapartments.com\/cs\/privat\/\">Privat<\/a><\/li>\n<li class=\"page_item page-item-774\"><a href=\"https:\/\/www.toppragueapartments.com\/cs\/pronajem\/\">Pron\u00e1jem<\/a><\/li>\n<li class=\"page_item page-item-350\"><a href=\"https:\/\/www.toppragueapartments.com\/cs\/rezervace\/\">Rezervace<\/a><\/li>\n<li class=\"page_item page-item-299\"><a href=\"https:\/\/www.toppragueapartments.com\/cs\/\">\u00davod<\/a><\/li>\n<li class=\"page_item page-item-791\"><a href=\"https:\/\/www.toppragueapartments.com\/cs\/videa\/\">Videa<\/a><\/li>\n\n<\/ul>\n[\/et_pb_text][\/et_pb_column][\/et_pb_row][\/et_pb_section]\n","protected":false},"excerpt":{"rendered":"<p>Mapa Str\u00e1nek \n<!-- Page-list plugin v.4.3 wordpress.org\/plugins\/page-list\/ -->\n<ul class=\"page-list \">\n<li class=\"page_item page-item-330 page_item_has_children\"><a href=\"https:\/\/www.toppragueapartments.com\/cs\/apartmany\/\">Apartm\u00e1ny<\/a>\n<ul class='children'>\n\t<li class=\"page_item page-item-354\"><a href=\"https:\/\/www.toppragueapartments.com\/cs\/apartmany\/apartman-green\/\">Apartm\u00e1n Green<\/a><\/li>\n\t<li class=\"page_item page-item-346\"><a href=\"https:\/\/www.toppragueapartments.com\/cs\/apartmany\/apartman-violet\/\">Apartm\u00e1n Violet<\/a><\/li>\n\t<li class=\"page_item page-item-357\"><a href=\"https:\/\/www.toppragueapartments.com\/cs\/apartmany\/apartman-yellow\/\">Apartm\u00e1n Yellow<\/a><\/li>\n<\/ul>\n<\/li>\n<li class=\"page_item page-item-659\"><a href=\"https:\/\/www.toppragueapartments.com\/cs\/cobradesign\/\">CobraDesign<\/a><\/li>\n<li class=\"page_item page-item-753\"><a href=\"https:\/\/www.toppragueapartments.com\/cs\/hostel\/\">Hostel<\/a><\/li>\n<li class=\"page_item page-item-758\"><a href=\"https:\/\/www.toppragueapartments.com\/cs\/hotel\/\">Hotel<\/a><\/li>\n<li class=\"page_item page-item-332\"><a href=\"https:\/\/www.toppragueapartments.com\/cs\/kam-v-praze\/\">Kam v Praze<\/a><\/li>\n<li class=\"page_item page-item-334\"><a href=\"https:\/\/www.toppragueapartments.com\/cs\/kontakt\/\">Kontakt<\/a><\/li>\n<li class=\"page_item page-item-473\"><a href=\"https:\/\/www.toppragueapartments.com\/cs\/mapa-stranek\/\">Mapa str\u00e1nek<\/a><\/li>\n<li class=\"page_item page-item-328\"><a href=\"https:\/\/www.toppragueapartments.com\/cs\/o-apartmanech\/\">O apartm\u00e1nech<\/a><\/li>\n<li class=\"page_item page-item-768\"><a href=\"https:\/\/www.toppragueapartments.com\/cs\/pokoj\/\">Pokoj<\/a><\/li>\n<li class=\"page_item page-item-762\"><a href=\"https:\/\/www.toppragueapartments.com\/cs\/prava-a-povinnosti\/\">Pr\u00e1va a povinnosti<\/a><\/li>\n<li class=\"page_item page-item-780\"><a href=\"https:\/\/www.toppragueapartments.com\/cs\/privat\/\">Privat<\/a><\/li>\n<li class=\"page_item page-item-774\"><a href=\"https:\/\/www.toppragueapartments.com\/cs\/pronajem\/\">Pron\u00e1jem<\/a><\/li>\n<li class=\"page_item page-item-350\"><a href=\"https:\/\/www.toppragueapartments.com\/cs\/rezervace\/\">Rezervace<\/a><\/li>\n<li class=\"page_item page-item-299\"><a href=\"https:\/\/www.toppragueapartments.com\/cs\/\">\u00davod<\/a><\/li>\n<li class=\"page_item page-item-791\"><a href=\"https:\/\/www.toppragueapartments.com\/cs\/videa\/\">Videa<\/a><\/li>\n\n<\/ul><\/p>\n","protected":false},"author":5,"featured_media":69,"parent":0,"menu_order":0,"comment_status":"closed","ping_status":"closed","template":"","meta":{"_et_pb_use_builder":"on","_et_pb_old_content":"","_et_gb_content_width":"","_monsterinsights_skip_tracking":false,"_monsterinsights_sitenote_active":false,"_monsterinsights_sitenote_note":"","_monsterinsights_sitenote_category":0,"footnotes":""},"class_list":["post-473","page","type-page","status-publish","has-post-thumbnail","hentry"],"yoast_head":"<!-- This site is optimized with the Yoast SEO plugin v26.4 - https:\/\/yoast.com\/wordpress\/plugins\/seo\/ -->\n<title>Mapa str\u00e1nek - Top Prague Apartments<\/title>\n<meta name=\"robots\" content=\"index, follow, max-snippet:-1, max-image-preview:large, max-video-preview:-1\" \/>\n<link rel=\"canonical\" href=\"https:\/\/www.toppragueapartments.com\/sitemap\/\" \/>\n<meta property=\"og:locale\" content=\"cs_CZ\" \/>\n<meta property=\"og:type\" content=\"article\" \/>\n<meta property=\"og:title\" content=\"Mapa str\u00e1nek - Top Prague Apartments\" \/>\n<meta property=\"og:description\" content=\"Mapa Str\u00e1nek\" \/>\n<meta property=\"og:url\" content=\"https:\/\/www.toppragueapartments.com\/sitemap\/\" \/>\n<meta property=\"og:site_name\" content=\"Top Prague Apartments\" \/>\n<meta property=\"article:modified_time\" content=\"2016-07-28T08:14:58+00:00\" \/>\n<meta property=\"og:image\" content=\"https:\/\/www.toppragueapartments.com\/wp-content\/uploads\/2016\/06\/Fialovy-obyvak2-e1468397725305.jpg\" \/>\n\t<meta property=\"og:image:width\" content=\"1800\" \/>\n\t<meta property=\"og:image:height\" content=\"1205\" \/>\n\t<meta property=\"og:image:type\" content=\"image\/jpeg\" \/>\n<meta name=\"twitter:card\" content=\"summary_large_image\" \/>\n<meta name=\"twitter:label1\" content=\"Odhadovan\u00e1 doba \u010dten\u00ed\" \/>\n\t<meta name=\"twitter:data1\" content=\"1 minuta\" \/>\n<script type=\"application\/ld+json\" class=\"yoast-schema-graph\">{\"@context\":\"https:\/\/schema.org\",\"@graph\":[{\"@type\":\"WebPage\",\"@id\":\"https:\/\/www.toppragueapartments.com\/sitemap\/\",\"url\":\"https:\/\/www.toppragueapartments.com\/sitemap\/\",\"name\":\"Mapa str\u00e1nek - Top Prague Apartments\",\"isPartOf\":{\"@id\":\"https:\/\/www.toppragueapartments.com\/#website\"},\"primaryImageOfPage\":{\"@id\":\"https:\/\/www.toppragueapartments.com\/sitemap\/#primaryimage\"},\"image\":{\"@id\":\"https:\/\/www.toppragueapartments.com\/sitemap\/#primaryimage\"},\"thumbnailUrl\":\"https:\/\/www.toppragueapartments.com\/wp-content\/uploads\/2016\/06\/Fialovy-obyvak2-e1468397725305.jpg\",\"datePublished\":\"2016-07-20T14:10:54+00:00\",\"dateModified\":\"2016-07-28T08:14:58+00:00\",\"breadcrumb\":{\"@id\":\"https:\/\/www.toppragueapartments.com\/sitemap\/#breadcrumb\"},\"inLanguage\":\"cs\",\"potentialAction\":[{\"@type\":\"ReadAction\",\"target\":[\"https:\/\/www.toppragueapartments.com\/sitemap\/\"]}]},{\"@type\":\"ImageObject\",\"inLanguage\":\"cs\",\"@id\":\"https:\/\/www.toppragueapartments.com\/sitemap\/#primaryimage\",\"url\":\"https:\/\/www.toppragueapartments.com\/wp-content\/uploads\/2016\/06\/Fialovy-obyvak2-e1468397725305.jpg\",\"contentUrl\":\"https:\/\/www.toppragueapartments.com\/wp-content\/uploads\/2016\/06\/Fialovy-obyvak2-e1468397725305.jpg\",\"width\":1800,\"height\":1205},{\"@type\":\"BreadcrumbList\",\"@id\":\"https:\/\/www.toppragueapartments.com\/sitemap\/#breadcrumb\",\"itemListElement\":[{\"@type\":\"ListItem\",\"position\":1,\"name\":\"Home\",\"item\":\"https:\/\/www.toppragueapartments.com\/cs\/\"},{\"@type\":\"ListItem\",\"position\":2,\"name\":\"Mapa str\u00e1nek\"}]},{\"@type\":\"WebSite\",\"@id\":\"https:\/\/www.toppragueapartments.com\/#website\",\"url\":\"https:\/\/www.toppragueapartments.com\/\",\"name\":\"Top Prague Apartments\",\"description\":\"Beautiful apartments in the heart of the Europe Apartments are situated in the separated 5th floor with an elevator and they are completely reconstructed. There is a free WiFi and a cable connection available for all the guests.\",\"potentialAction\":[{\"@type\":\"SearchAction\",\"target\":{\"@type\":\"EntryPoint\",\"urlTemplate\":\"https:\/\/www.toppragueapartments.com\/?s={search_term_string}\"},\"query-input\":{\"@type\":\"PropertyValueSpecification\",\"valueRequired\":true,\"valueName\":\"search_term_string\"}}],\"inLanguage\":\"cs\"}]}<\/script>\n<!-- \/ Yoast SEO plugin. -->","yoast_head_json":{"title":"Mapa str\u00e1nek - Top Prague Apartments","robots":{"index":"index","follow":"follow","max-snippet":"max-snippet:-1","max-image-preview":"max-image-preview:large","max-video-preview":"max-video-preview:-1"},"canonical":"https:\/\/www.toppragueapartments.com\/sitemap\/","og_locale":"cs_CZ","og_type":"article","og_title":"Mapa str\u00e1nek - Top Prague Apartments","og_description":"Mapa Str\u00e1nek","og_url":"https:\/\/www.toppragueapartments.com\/sitemap\/","og_site_name":"Top Prague Apartments","article_modified_time":"2016-07-28T08:14:58+00:00","og_image":[{"width":1800,"height":1205,"url":"https:\/\/www.toppragueapartments.com\/wp-content\/uploads\/2016\/06\/Fialovy-obyvak2-e1468397725305.jpg","type":"image\/jpeg"}],"twitter_card":"summary_large_image","twitter_misc":{"Odhadovan\u00e1 doba \u010dten\u00ed":"1 minuta"},"schema":{"@context":"https:\/\/schema.org","@graph":[{"@type":"WebPage","@id":"https:\/\/www.toppragueapartments.com\/sitemap\/","url":"https:\/\/www.toppragueapartments.com\/sitemap\/","name":"Mapa str\u00e1nek - Top Prague Apartments","isPartOf":{"@id":"https:\/\/www.toppragueapartments.com\/#website"},"primaryImageOfPage":{"@id":"https:\/\/www.toppragueapartments.com\/sitemap\/#primaryimage"},"image":{"@id":"https:\/\/www.toppragueapartments.com\/sitemap\/#primaryimage"},"thumbnailUrl":"https:\/\/www.toppragueapartments.com\/wp-content\/uploads\/2016\/06\/Fialovy-obyvak2-e1468397725305.jpg","datePublished":"2016-07-20T14:10:54+00:00","dateModified":"2016-07-28T08:14:58+00:00","breadcrumb":{"@id":"https:\/\/www.toppragueapartments.com\/sitemap\/#breadcrumb"},"inLanguage":"cs","potentialAction":[{"@type":"ReadAction","target":["https:\/\/www.toppragueapartments.com\/sitemap\/"]}]},{"@type":"ImageObject","inLanguage":"cs","@id":"https:\/\/www.toppragueapartments.com\/sitemap\/#primaryimage","url":"https:\/\/www.toppragueapartments.com\/wp-content\/uploads\/2016\/06\/Fialovy-obyvak2-e1468397725305.jpg","contentUrl":"https:\/\/www.toppragueapartments.com\/wp-content\/uploads\/2016\/06\/Fialovy-obyvak2-e1468397725305.jpg","width":1800,"height":1205},{"@type":"BreadcrumbList","@id":"https:\/\/www.toppragueapartments.com\/sitemap\/#breadcrumb","itemListElement":[{"@type":"ListItem","position":1,"name":"Home","item":"https:\/\/www.toppragueapartments.com\/cs\/"},{"@type":"ListItem","position":2,"name":"Mapa str\u00e1nek"}]},{"@type":"WebSite","@id":"https:\/\/www.toppragueapartments.com\/#website","url":"https:\/\/www.toppragueapartments.com\/","name":"Top Prague Apartments","description":"Beautiful apartments in the heart of the Europe Apartments are situated in the separated 5th floor with an elevator and they are completely reconstructed. There is a free WiFi and a cable connection available for all the guests.","potentialAction":[{"@type":"SearchAction","target":{"@type":"EntryPoint","urlTemplate":"https:\/\/www.toppragueapartments.com\/?s={search_term_string}"},"query-input":{"@type":"PropertyValueSpecification","valueRequired":true,"valueName":"search_term_string"}}],"inLanguage":"cs"}]}},"_links":{"self":[{"href":"https:\/\/www.toppragueapartments.com\/cs\/wp-json\/wp\/v2\/pages\/473","targetHints":{"allow":["GET"]}}],"collection":[{"href":"https:\/\/www.toppragueapartments.com\/cs\/wp-json\/wp\/v2\/pages"}],"about":[{"href":"https:\/\/www.toppragueapartments.com\/cs\/wp-json\/wp\/v2\/types\/page"}],"author":[{"embeddable":true,"href":"https:\/\/www.toppragueapartments.com\/cs\/wp-json\/wp\/v2\/users\/5"}],"replies":[{"embeddable":true,"href":"https:\/\/www.toppragueapartments.com\/cs\/wp-json\/wp\/v2\/comments?post=473"}],"version-history":[{"count":5,"href":"https:\/\/www.toppragueapartments.com\/cs\/wp-json\/wp\/v2\/pages\/473\/revisions"}],"predecessor-version":[{"id":475,"href":"https:\/\/www.toppragueapartments.com\/cs\/wp-json\/wp\/v2\/pages\/473\/revisions\/475"}],"wp:featuredmedia":[{"embeddable":true,"href":"https:\/\/www.toppragueapartments.com\/cs\/wp-json\/wp\/v2\/media\/69"}],"wp:attachment":[{"href":"https:\/\/www.toppragueapartments.com\/cs\/wp-json\/wp\/v2\/media?parent=473"}],"curies":[{"name":"wp","href":"https:\/\/api.w.org\/{rel}","templated":true}]}}