{"id":762,"date":"2016-07-26T12:14:21","date_gmt":"2016-07-26T12:14:21","guid":{"rendered":"https:\/\/toppragueapartments.com\/cs\/?page_id=762"},"modified":"2016-08-02T08:15:56","modified_gmt":"2016-08-02T08:15:56","slug":"prava-a-povinnosti","status":"publish","type":"page","link":"https:\/\/www.toppragueapartments.com\/cs\/prava-a-povinnosti\/","title":{"rendered":"Pr\u00e1va a povinnosti"},"content":{"rendered":"[et_pb_section admin_label=&#8220;Section&#8220; fullwidth=&#8220;on&#8220; specialty=&#8220;off&#8220;][et_pb_fullwidth_header admin_label=&#8220;Fullwidth Header&#8220; title=&#8220;Terms and Conditions&#8220; background_layout=&#8220;dark&#8220; text_orientation=&#8220;center&#8220; header_fullscreen=&#8220;off&#8220; header_scroll_down=&#8220;off&#8220; background_url=&#8220;\/wp-content\/uploads\/2016\/06\/Hrad.jpg&#8220; background_overlay_color=&#8220;rgba(0,0,0,0.5)&#8220; parallax=&#8220;off&#8220; parallax_method=&#8220;off&#8220; content_orientation=&#8220;center&#8220; image_orientation=&#8220;center&#8220; custom_button_one=&#8220;off&#8220; button_one_letter_spacing=&#8220;0&#8243; button_one_use_icon=&#8220;default&#8220; button_one_icon_placement=&#8220;right&#8220; button_one_on_hover=&#8220;on&#8220; button_one_letter_spacing_hover=&#8220;0&#8243; custom_button_two=&#8220;off&#8220; button_two_letter_spacing=&#8220;0&#8243; button_two_use_icon=&#8220;default&#8220; button_two_icon_placement=&#8220;right&#8220; button_two_on_hover=&#8220;on&#8220; button_two_letter_spacing_hover=&#8220;0&#8243;] [\/et_pb_fullwidth_header][\/et_pb_section][et_pb_section admin_label=&#8220;section&#8220;][et_pb_row admin_label=&#8220;row&#8220;][et_pb_column type=&#8220;4_4&#8243;][et_pb_text admin_label=&#8220;Text&#8220; background_layout=&#8220;light&#8220; text_orientation=&#8220;left&#8220; use_border_color=&#8220;off&#8220; border_color=&#8220;#ffffff&#8220; border_style=&#8220;solid&#8220;]\n<p><strong>1. \u010cas p\u0159\u00edjezdu a odjezdu<\/strong><\/p>\n<ul>\n<li>Ubytov\u00e1n\u00ed: od\u00a014:00<\/li>\n<li>Odhl\u00e1\u0161en\u00ed: do\u00a011:00<\/li>\n<\/ul>\n<p><strong>2.\u00a0Zru\u0161en\u00ed rezervace<\/strong><\/p>\n<ul>\n<li>Zru\u0161en\u00ed rezervace v\u00edce jak 15 dn\u00ed p\u0159ed datem p\u0159\u00edjedu je bez poplatku.<\/li>\n<li>Zru\u0161en\u00ed rezervace m\u00e9n\u011b jak 15 dny\u00edp\u0159ed datem p\u0159\u00edjezdu je zpoplatn\u011bno \u010d\u00e1stkou odpov\u00eddaj\u00edc\u00ed \u010d\u00e1stce za jednu noc.<\/li>\n<\/ul>\n<p><strong>3.\u00a0Z\u00e1loha<\/strong><\/p>\n<ul>\n<li>V\u00fd\u0161e z\u00e1lohy odpov\u00edd\u00e1 pobytu za jednu noc. Zbyl\u00e1 \u010d\u00e1stka bude uhrazena p\u0159i ubytov\u00e1n\u00ed.<\/li>\n<\/ul>\n<p><strong>4.\u00a0Domovn\u00ed \u0159\u00e1d<\/strong><\/p>\n<ul>\n<li>P\u00e1rty nejsou povoleny.<\/li>\n<li>V apartm\u00e1nech se nekou\u0159\u00ed.<\/li>\n<li>Dom\u00e1c\u00ed mazl\u00ed\u010dci nejsou povoleni.<\/li>\n<li>No\u010dn\u00ed klid mus\u00ed b\u00fdt dodr\u017eov\u00e1n v dob\u011b od 22:00 do 06:00.<\/li>\n<\/ul>\n<p>V p\u0159\u00edpad\u011b nedodr\u017een\u00ed domovn\u00edho \u0159\u00e1du je host zodpov\u011bdn\u00fd za ve\u0161kr\u00e9 \u0161kody, kter\u00e9 je povinnen uhradit v pln\u00e9 v\u00fd\u0161i.<\/p>\n<p><strong>5.\u00a0Odpov\u011bdnost hosta<\/strong><\/p>\n<ul>\n<li>Host nese vlastn\u00ed odpov\u011bdnost za vyu\u017e\u00edv\u00e1n\u00ed ubytov\u00e1n\u00ed a ostatn\u00edch slu\u017eeb.<\/li>\n<li>Poskytovatel ubytov\u00e1n\u00ed\u00a0nenese \u017e\u00e1dnou odpov\u011bdnost za zp\u016fsoben\u00e9 \u0161kody, zni\u010den\u00e9 nebo ztracen\u00e9 zavazadla, stejn\u011b jako za odcizen\u00e9 zavazadla a dal\u0161\u00ed p\u0159edm\u011bty v apartm\u00e1nu a budov\u011b.<\/li>\n<li>Poskytovatel ubytov\u00e1n\u00ed nenese \u017e\u00e1dnou odpov\u011bdnost za p\u0159\u00edpadn\u00e9 v\u00fdpadky dod\u00e1vky energi\u00ed (voda, plyn, elekt\u0159ina) nebo nefunk\u010dn\u00ed odpadn\u00ed syst\u00e9m. D\u00e1le nenese odpov\u011bdnost za p\u0159\u00edpadn\u00fd hluk, kter\u00fd vznikl za hranicemi apartm\u00e1nu.<\/li>\n<\/ul>\n<p>Odesl\u00e1n\u00edm a potvrzen\u00edm rezervace host vyjad\u0159uje souhlas s pokryt\u00edm ve\u0161ker\u00fdch n\u00e1klad\u016f, kter\u00e9 vznikly b\u011bhem jeho pobytu na nemovitosti poskytovatele ubytov\u00e1n\u00ed. V p\u0159\u00edpad\u011b st\u00ed\u017enosti soused\u016f nebo m\u00edstn\u00edch autorit na z\u00e1klad\u011b ru\u0161en\u00ed no\u010dn\u00edho klidu je host povinnen opustit apartm\u00e1n bez mo\u017enosti vr\u00e1cen\u00ed platby.<\/p>\n[\/et_pb_text][\/et_pb_column][\/et_pb_row][\/et_pb_section]\n","protected":false},"excerpt":{"rendered":"<p>1. \u010cas p\u0159\u00edjezdu a odjezdu Ubytov\u00e1n\u00ed: od\u00a014:00 Odhl\u00e1\u0161en\u00ed: do\u00a011:00 2.\u00a0Zru\u0161en\u00ed rezervace Zru\u0161en\u00ed rezervace v\u00edce jak 15 dn\u00ed p\u0159ed datem p\u0159\u00edjedu je bez poplatku. Zru\u0161en\u00ed rezervace m\u00e9n\u011b jak 15 dny\u00edp\u0159ed datem p\u0159\u00edjezdu je zpoplatn\u011bno \u010d\u00e1stkou odpov\u00eddaj\u00edc\u00ed \u010d\u00e1stce za jednu noc. 3.\u00a0Z\u00e1loha V\u00fd\u0161e z\u00e1lohy odpov\u00edd\u00e1 pobytu za jednu noc. Zbyl\u00e1 \u010d\u00e1stka bude uhrazena p\u0159i ubytov\u00e1n\u00ed. 4.\u00a0Domovn\u00ed \u0159\u00e1d [&hellip;]<\/p>\n","protected":false},"author":5,"featured_media":191,"parent":0,"menu_order":0,"comment_status":"closed","ping_status":"closed","template":"","meta":{"_et_pb_use_builder":"on","_et_pb_old_content":"","_et_gb_content_width":"","_monsterinsights_skip_tracking":false,"_monsterinsights_sitenote_active":false,"_monsterinsights_sitenote_note":"","_monsterinsights_sitenote_category":0,"footnotes":""},"class_list":["post-762","page","type-page","status-publish","has-post-thumbnail","hentry"],"yoast_head":"<!-- This site is optimized with the Yoast SEO plugin v26.4 - https:\/\/yoast.com\/wordpress\/plugins\/seo\/ -->\n<title>Pr\u00e1va a povinnosti - Top Prague Apartments<\/title>\n<meta name=\"robots\" content=\"index, follow, max-snippet:-1, max-image-preview:large, max-video-preview:-1\" \/>\n<link rel=\"canonical\" href=\"https:\/\/www.toppragueapartments.com\/terms-and-conditions\/\" \/>\n<meta property=\"og:locale\" content=\"cs_CZ\" \/>\n<meta property=\"og:type\" content=\"article\" \/>\n<meta property=\"og:title\" content=\"Pr\u00e1va a povinnosti - Top Prague Apartments\" \/>\n<meta property=\"og:description\" content=\"1. \u010cas p\u0159\u00edjezdu a odjezdu Ubytov\u00e1n\u00ed: od\u00a014:00 Odhl\u00e1\u0161en\u00ed: do\u00a011:00 2.\u00a0Zru\u0161en\u00ed rezervace Zru\u0161en\u00ed rezervace v\u00edce jak 15 dn\u00ed p\u0159ed datem p\u0159\u00edjedu je bez poplatku. Zru\u0161en\u00ed rezervace m\u00e9n\u011b jak 15 dny\u00edp\u0159ed datem p\u0159\u00edjezdu je zpoplatn\u011bno \u010d\u00e1stkou odpov\u00eddaj\u00edc\u00ed \u010d\u00e1stce za jednu noc. 3.\u00a0Z\u00e1loha V\u00fd\u0161e z\u00e1lohy odpov\u00edd\u00e1 pobytu za jednu noc. Zbyl\u00e1 \u010d\u00e1stka bude uhrazena p\u0159i ubytov\u00e1n\u00ed. 4.\u00a0Domovn\u00ed \u0159\u00e1d [&hellip;]\" \/>\n<meta property=\"og:url\" content=\"https:\/\/www.toppragueapartments.com\/terms-and-conditions\/\" \/>\n<meta property=\"og:site_name\" content=\"Top Prague Apartments\" \/>\n<meta property=\"article:modified_time\" content=\"2016-08-02T08:15:56+00:00\" \/>\n<meta property=\"og:image\" content=\"https:\/\/www.toppragueapartments.com\/wp-content\/uploads\/2016\/06\/prague-1119791.jpg\" \/>\n\t<meta property=\"og:image:width\" content=\"1920\" \/>\n\t<meta property=\"og:image:height\" content=\"1080\" \/>\n\t<meta property=\"og:image:type\" content=\"image\/jpeg\" \/>\n<meta name=\"twitter:card\" content=\"summary_large_image\" \/>\n<meta name=\"twitter:label1\" content=\"Odhadovan\u00e1 doba \u010dten\u00ed\" \/>\n\t<meta name=\"twitter:data1\" content=\"2 minuty\" \/>\n<script type=\"application\/ld+json\" class=\"yoast-schema-graph\">{\"@context\":\"https:\/\/schema.org\",\"@graph\":[{\"@type\":\"WebPage\",\"@id\":\"https:\/\/www.toppragueapartments.com\/terms-and-conditions\/\",\"url\":\"https:\/\/www.toppragueapartments.com\/terms-and-conditions\/\",\"name\":\"Pr\u00e1va a povinnosti - Top Prague Apartments\",\"isPartOf\":{\"@id\":\"https:\/\/www.toppragueapartments.com\/#website\"},\"primaryImageOfPage\":{\"@id\":\"https:\/\/www.toppragueapartments.com\/terms-and-conditions\/#primaryimage\"},\"image\":{\"@id\":\"https:\/\/www.toppragueapartments.com\/terms-and-conditions\/#primaryimage\"},\"thumbnailUrl\":\"https:\/\/www.toppragueapartments.com\/wp-content\/uploads\/2016\/06\/prague-1119791.jpg\",\"datePublished\":\"2016-07-26T12:14:21+00:00\",\"dateModified\":\"2016-08-02T08:15:56+00:00\",\"breadcrumb\":{\"@id\":\"https:\/\/www.toppragueapartments.com\/terms-and-conditions\/#breadcrumb\"},\"inLanguage\":\"cs\",\"potentialAction\":[{\"@type\":\"ReadAction\",\"target\":[\"https:\/\/www.toppragueapartments.com\/terms-and-conditions\/\"]}]},{\"@type\":\"ImageObject\",\"inLanguage\":\"cs\",\"@id\":\"https:\/\/www.toppragueapartments.com\/terms-and-conditions\/#primaryimage\",\"url\":\"https:\/\/www.toppragueapartments.com\/wp-content\/uploads\/2016\/06\/prague-1119791.jpg\",\"contentUrl\":\"https:\/\/www.toppragueapartments.com\/wp-content\/uploads\/2016\/06\/prague-1119791.jpg\",\"width\":1920,\"height\":1080},{\"@type\":\"BreadcrumbList\",\"@id\":\"https:\/\/www.toppragueapartments.com\/terms-and-conditions\/#breadcrumb\",\"itemListElement\":[{\"@type\":\"ListItem\",\"position\":1,\"name\":\"Home\",\"item\":\"https:\/\/www.toppragueapartments.com\/cs\/\"},{\"@type\":\"ListItem\",\"position\":2,\"name\":\"Pr\u00e1va a povinnosti\"}]},{\"@type\":\"WebSite\",\"@id\":\"https:\/\/www.toppragueapartments.com\/#website\",\"url\":\"https:\/\/www.toppragueapartments.com\/\",\"name\":\"Top Prague Apartments\",\"description\":\"Beautiful apartments in the heart of the Europe Apartments are situated in the separated 5th floor with an elevator and they are completely reconstructed. There is a free WiFi and a cable connection available for all the guests.\",\"potentialAction\":[{\"@type\":\"SearchAction\",\"target\":{\"@type\":\"EntryPoint\",\"urlTemplate\":\"https:\/\/www.toppragueapartments.com\/?s={search_term_string}\"},\"query-input\":{\"@type\":\"PropertyValueSpecification\",\"valueRequired\":true,\"valueName\":\"search_term_string\"}}],\"inLanguage\":\"cs\"}]}<\/script>\n<!-- \/ Yoast SEO plugin. -->","yoast_head_json":{"title":"Pr\u00e1va a povinnosti - Top Prague Apartments","robots":{"index":"index","follow":"follow","max-snippet":"max-snippet:-1","max-image-preview":"max-image-preview:large","max-video-preview":"max-video-preview:-1"},"canonical":"https:\/\/www.toppragueapartments.com\/terms-and-conditions\/","og_locale":"cs_CZ","og_type":"article","og_title":"Pr\u00e1va a povinnosti - Top Prague Apartments","og_description":"1. \u010cas p\u0159\u00edjezdu a odjezdu Ubytov\u00e1n\u00ed: od\u00a014:00 Odhl\u00e1\u0161en\u00ed: do\u00a011:00 2.\u00a0Zru\u0161en\u00ed rezervace Zru\u0161en\u00ed rezervace v\u00edce jak 15 dn\u00ed p\u0159ed datem p\u0159\u00edjedu je bez poplatku. Zru\u0161en\u00ed rezervace m\u00e9n\u011b jak 15 dny\u00edp\u0159ed datem p\u0159\u00edjezdu je zpoplatn\u011bno \u010d\u00e1stkou odpov\u00eddaj\u00edc\u00ed \u010d\u00e1stce za jednu noc. 3.\u00a0Z\u00e1loha V\u00fd\u0161e z\u00e1lohy odpov\u00edd\u00e1 pobytu za jednu noc. Zbyl\u00e1 \u010d\u00e1stka bude uhrazena p\u0159i ubytov\u00e1n\u00ed. 4.\u00a0Domovn\u00ed \u0159\u00e1d [&hellip;]","og_url":"https:\/\/www.toppragueapartments.com\/terms-and-conditions\/","og_site_name":"Top Prague Apartments","article_modified_time":"2016-08-02T08:15:56+00:00","og_image":[{"width":1920,"height":1080,"url":"https:\/\/www.toppragueapartments.com\/wp-content\/uploads\/2016\/06\/prague-1119791.jpg","type":"image\/jpeg"}],"twitter_card":"summary_large_image","twitter_misc":{"Odhadovan\u00e1 doba \u010dten\u00ed":"2 minuty"},"schema":{"@context":"https:\/\/schema.org","@graph":[{"@type":"WebPage","@id":"https:\/\/www.toppragueapartments.com\/terms-and-conditions\/","url":"https:\/\/www.toppragueapartments.com\/terms-and-conditions\/","name":"Pr\u00e1va a povinnosti - Top Prague Apartments","isPartOf":{"@id":"https:\/\/www.toppragueapartments.com\/#website"},"primaryImageOfPage":{"@id":"https:\/\/www.toppragueapartments.com\/terms-and-conditions\/#primaryimage"},"image":{"@id":"https:\/\/www.toppragueapartments.com\/terms-and-conditions\/#primaryimage"},"thumbnailUrl":"https:\/\/www.toppragueapartments.com\/wp-content\/uploads\/2016\/06\/prague-1119791.jpg","datePublished":"2016-07-26T12:14:21+00:00","dateModified":"2016-08-02T08:15:56+00:00","breadcrumb":{"@id":"https:\/\/www.toppragueapartments.com\/terms-and-conditions\/#breadcrumb"},"inLanguage":"cs","potentialAction":[{"@type":"ReadAction","target":["https:\/\/www.toppragueapartments.com\/terms-and-conditions\/"]}]},{"@type":"ImageObject","inLanguage":"cs","@id":"https:\/\/www.toppragueapartments.com\/terms-and-conditions\/#primaryimage","url":"https:\/\/www.toppragueapartments.com\/wp-content\/uploads\/2016\/06\/prague-1119791.jpg","contentUrl":"https:\/\/www.toppragueapartments.com\/wp-content\/uploads\/2016\/06\/prague-1119791.jpg","width":1920,"height":1080},{"@type":"BreadcrumbList","@id":"https:\/\/www.toppragueapartments.com\/terms-and-conditions\/#breadcrumb","itemListElement":[{"@type":"ListItem","position":1,"name":"Home","item":"https:\/\/www.toppragueapartments.com\/cs\/"},{"@type":"ListItem","position":2,"name":"Pr\u00e1va a povinnosti"}]},{"@type":"WebSite","@id":"https:\/\/www.toppragueapartments.com\/#website","url":"https:\/\/www.toppragueapartments.com\/","name":"Top Prague Apartments","description":"Beautiful apartments in the heart of the Europe Apartments are situated in the separated 5th floor with an elevator and they are completely reconstructed. There is a free WiFi and a cable connection available for all the guests.","potentialAction":[{"@type":"SearchAction","target":{"@type":"EntryPoint","urlTemplate":"https:\/\/www.toppragueapartments.com\/?s={search_term_string}"},"query-input":{"@type":"PropertyValueSpecification","valueRequired":true,"valueName":"search_term_string"}}],"inLanguage":"cs"}]}},"_links":{"self":[{"href":"https:\/\/www.toppragueapartments.com\/cs\/wp-json\/wp\/v2\/pages\/762","targetHints":{"allow":["GET"]}}],"collection":[{"href":"https:\/\/www.toppragueapartments.com\/cs\/wp-json\/wp\/v2\/pages"}],"about":[{"href":"https:\/\/www.toppragueapartments.com\/cs\/wp-json\/wp\/v2\/types\/page"}],"author":[{"embeddable":true,"href":"https:\/\/www.toppragueapartments.com\/cs\/wp-json\/wp\/v2\/users\/5"}],"replies":[{"embeddable":true,"href":"https:\/\/www.toppragueapartments.com\/cs\/wp-json\/wp\/v2\/comments?post=762"}],"version-history":[{"count":3,"href":"https:\/\/www.toppragueapartments.com\/cs\/wp-json\/wp\/v2\/pages\/762\/revisions"}],"predecessor-version":[{"id":827,"href":"https:\/\/www.toppragueapartments.com\/cs\/wp-json\/wp\/v2\/pages\/762\/revisions\/827"}],"wp:featuredmedia":[{"embeddable":true,"href":"https:\/\/www.toppragueapartments.com\/cs\/wp-json\/wp\/v2\/media\/191"}],"wp:attachment":[{"href":"https:\/\/www.toppragueapartments.com\/cs\/wp-json\/wp\/v2\/media?parent=762"}],"curies":[{"name":"wp","href":"https:\/\/api.w.org\/{rel}","templated":true}]}}