{"id":768,"date":"2016-07-27T09:31:33","date_gmt":"2016-07-27T09:31:33","guid":{"rendered":"https:\/\/toppragueapartments.com\/cs\/?page_id=768"},"modified":"2016-07-27T09:32:28","modified_gmt":"2016-07-27T09:32:28","slug":"pokoj","status":"publish","type":"page","link":"https:\/\/www.toppragueapartments.com\/cs\/pokoj\/","title":{"rendered":"Pokoj"},"content":{"rendered":"[et_pb_section fullwidth=&#8220;on&#8220; specialty=&#8220;off&#8220; admin_label=&#8220;Section&#8220;][et_pb_fullwidth_header admin_label=&#8220;Fullwidth Header&#8220; background_layout=&#8220;light&#8220; text_orientation=&#8220;left&#8220; header_fullscreen=&#8220;off&#8220; header_scroll_down=&#8220;off&#8220; background_url=&#8220;https:\/\/toppragueapartments.com\/wp-content\/uploads\/2016\/06\/Hrad.jpg&#8220; background_overlay_color=&#8220;rgba(0,0,0,0.46)&#8220; parallax=&#8220;off&#8220; parallax_method=&#8220;off&#8220; content_orientation=&#8220;center&#8220; image_orientation=&#8220;center&#8220; custom_button_one=&#8220;off&#8220; button_one_letter_spacing=&#8220;0&#8243; button_one_use_icon=&#8220;default&#8220; button_one_icon_placement=&#8220;right&#8220; button_one_on_hover=&#8220;on&#8220; button_one_letter_spacing_hover=&#8220;0&#8243; custom_button_two=&#8220;off&#8220; button_two_letter_spacing=&#8220;0&#8243; button_two_use_icon=&#8220;default&#8220; button_two_icon_placement=&#8220;right&#8220; button_two_on_hover=&#8220;on&#8220; button_two_letter_spacing_hover=&#8220;0&#8243;]\n[\/et_pb_fullwidth_header][\/et_pb_section][et_pb_section admin_label=&#8220;section&#8220;][et_pb_row admin_label=&#8220;row&#8220;][et_pb_column type=&#8220;1_2&#8243;][et_pb_text admin_label=&#8220;Text&#8220; background_layout=&#8220;light&#8220; text_orientation=&#8220;left&#8220; use_border_color=&#8220;off&#8220; border_color=&#8220;#ffffff&#8220; border_style=&#8220;solid&#8220;]\n<h1>Pokoj k pron\u00e1jmu v Praze<\/h1>\n<p>Ubytov\u00e1n\u00ed v hotelu je velmi drahou z\u00e1le\u017eitost\u00ed. Mnohem zaj\u00edmav\u011bj\u0161\u00ed a levn\u011bj\u0161\u00ed variantou je pron\u00e1jem pokoje v soukrom\u00e9m apartm\u00e1nu. V dne\u0161n\u00ed dob\u011b jsou nab\u00edzen\u00e9 apartm\u00e1ny perfektn\u011b vybaveny a nab\u00edzej\u00ed modern\u00ed a \u00fatuln\u00e9 pokoje k pron\u00e1jmu.<\/p>\n<p><a href=\"\/cs\/apartmany\/\">Pron\u00e1jem pokoje<\/a><\/p>\n[\/et_pb_text][\/et_pb_column][et_pb_column type=&#8220;1_2&#8243;][et_pb_image admin_label=&#8220;Image&#8220; src=&#8220;https:\/\/toppragueapartments.com\/wp-content\/uploads\/2016\/06\/Fialovy-obyvak2-e1468397725305.jpg&#8220; alt=&#8220;Accomodation in Prague&#8220; title_text=&#8220;Room for rent in Prague&#8220; show_in_lightbox=&#8220;off&#8220; url_new_window=&#8220;off&#8220; use_overlay=&#8220;off&#8220; animation=&#8220;left&#8220; sticky=&#8220;off&#8220; align=&#8220;left&#8220; force_fullwidth=&#8220;off&#8220; always_center_on_mobile=&#8220;on&#8220; use_border_color=&#8220;off&#8220; border_color=&#8220;#ffffff&#8220; border_style=&#8220;solid&#8220;]\n[\/et_pb_image][\/et_pb_column][\/et_pb_row][\/et_pb_section]\n","protected":false},"excerpt":{"rendered":"<p>Pokoj k pron\u00e1jmu v Praze Ubytov\u00e1n\u00ed v hotelu je velmi drahou z\u00e1le\u017eitost\u00ed. Mnohem zaj\u00edmav\u011bj\u0161\u00ed a levn\u011bj\u0161\u00ed variantou je pron\u00e1jem pokoje v soukrom\u00e9m apartm\u00e1nu. V dne\u0161n\u00ed dob\u011b jsou nab\u00edzen\u00e9 apartm\u00e1ny perfektn\u011b vybaveny a nab\u00edzej\u00ed modern\u00ed a \u00fatuln\u00e9 pokoje k pron\u00e1jmu. Pron\u00e1jem pokoje<\/p>\n","protected":false},"author":5,"featured_media":69,"parent":0,"menu_order":0,"comment_status":"closed","ping_status":"closed","template":"","meta":{"_et_pb_use_builder":"on","_et_pb_old_content":"","_et_gb_content_width":"","_monsterinsights_skip_tracking":false,"_monsterinsights_sitenote_active":false,"_monsterinsights_sitenote_note":"","_monsterinsights_sitenote_category":0,"footnotes":""},"class_list":["post-768","page","type-page","status-publish","has-post-thumbnail","hentry"],"yoast_head":"<!-- This site is optimized with the Yoast SEO plugin v26.4 - https:\/\/yoast.com\/wordpress\/plugins\/seo\/ -->\n<title>Pokoj k pron\u00e1jmu v Praze<\/title>\n<meta name=\"description\" content=\"Pron\u00e1jem pokoje v Praze v soukrom\u00e9m modern\u00edm apartm\u00e1nu. Ubytov\u00e1n\u00ed v apartm\u00e1nu pro kr\u00e1tkodob\u00e9 i dlouhodob\u00e9 n\u00e1v\u0161t\u011bvy Prahy. Vyberte si modern\u00ed pokoj v Praze.\" \/>\n<meta name=\"robots\" content=\"index, follow, max-snippet:-1, max-image-preview:large, max-video-preview:-1\" \/>\n<link rel=\"canonical\" href=\"https:\/\/www.toppragueapartments.com\/room\/\" \/>\n<meta property=\"og:locale\" content=\"cs_CZ\" \/>\n<meta property=\"og:type\" content=\"article\" \/>\n<meta property=\"og:title\" content=\"Pokoj k pron\u00e1jmu v Praze\" \/>\n<meta property=\"og:description\" content=\"Pron\u00e1jem pokoje v Praze v soukrom\u00e9m modern\u00edm apartm\u00e1nu. Ubytov\u00e1n\u00ed v apartm\u00e1nu pro kr\u00e1tkodob\u00e9 i dlouhodob\u00e9 n\u00e1v\u0161t\u011bvy Prahy. Vyberte si modern\u00ed pokoj v Praze.\" \/>\n<meta property=\"og:url\" content=\"https:\/\/www.toppragueapartments.com\/room\/\" \/>\n<meta property=\"og:site_name\" content=\"Top Prague Apartments\" \/>\n<meta property=\"article:modified_time\" content=\"2016-07-27T09:32:28+00:00\" \/>\n<meta property=\"og:image\" content=\"https:\/\/www.toppragueapartments.com\/wp-content\/uploads\/2016\/06\/Fialovy-obyvak2-e1468397725305.jpg\" \/>\n\t<meta property=\"og:image:width\" content=\"1800\" \/>\n\t<meta property=\"og:image:height\" content=\"1205\" \/>\n\t<meta property=\"og:image:type\" content=\"image\/jpeg\" \/>\n<meta name=\"twitter:card\" content=\"summary_large_image\" \/>\n<meta name=\"twitter:label1\" content=\"Odhadovan\u00e1 doba \u010dten\u00ed\" \/>\n\t<meta name=\"twitter:data1\" content=\"1 minuta\" \/>\n<script type=\"application\/ld+json\" class=\"yoast-schema-graph\">{\"@context\":\"https:\/\/schema.org\",\"@graph\":[{\"@type\":\"WebPage\",\"@id\":\"https:\/\/www.toppragueapartments.com\/room\/\",\"url\":\"https:\/\/www.toppragueapartments.com\/room\/\",\"name\":\"Pokoj k pron\u00e1jmu v Praze\",\"isPartOf\":{\"@id\":\"https:\/\/www.toppragueapartments.com\/#website\"},\"primaryImageOfPage\":{\"@id\":\"https:\/\/www.toppragueapartments.com\/room\/#primaryimage\"},\"image\":{\"@id\":\"https:\/\/www.toppragueapartments.com\/room\/#primaryimage\"},\"thumbnailUrl\":\"https:\/\/www.toppragueapartments.com\/wp-content\/uploads\/2016\/06\/Fialovy-obyvak2-e1468397725305.jpg\",\"datePublished\":\"2016-07-27T09:31:33+00:00\",\"dateModified\":\"2016-07-27T09:32:28+00:00\",\"description\":\"Pron\u00e1jem pokoje v Praze v soukrom\u00e9m modern\u00edm apartm\u00e1nu. Ubytov\u00e1n\u00ed v apartm\u00e1nu pro kr\u00e1tkodob\u00e9 i dlouhodob\u00e9 n\u00e1v\u0161t\u011bvy Prahy. Vyberte si modern\u00ed pokoj v Praze.\",\"breadcrumb\":{\"@id\":\"https:\/\/www.toppragueapartments.com\/room\/#breadcrumb\"},\"inLanguage\":\"cs\",\"potentialAction\":[{\"@type\":\"ReadAction\",\"target\":[\"https:\/\/www.toppragueapartments.com\/room\/\"]}]},{\"@type\":\"ImageObject\",\"inLanguage\":\"cs\",\"@id\":\"https:\/\/www.toppragueapartments.com\/room\/#primaryimage\",\"url\":\"https:\/\/www.toppragueapartments.com\/wp-content\/uploads\/2016\/06\/Fialovy-obyvak2-e1468397725305.jpg\",\"contentUrl\":\"https:\/\/www.toppragueapartments.com\/wp-content\/uploads\/2016\/06\/Fialovy-obyvak2-e1468397725305.jpg\",\"width\":1800,\"height\":1205},{\"@type\":\"BreadcrumbList\",\"@id\":\"https:\/\/www.toppragueapartments.com\/room\/#breadcrumb\",\"itemListElement\":[{\"@type\":\"ListItem\",\"position\":1,\"name\":\"Home\",\"item\":\"https:\/\/www.toppragueapartments.com\/cs\/\"},{\"@type\":\"ListItem\",\"position\":2,\"name\":\"Pokoj\"}]},{\"@type\":\"WebSite\",\"@id\":\"https:\/\/www.toppragueapartments.com\/#website\",\"url\":\"https:\/\/www.toppragueapartments.com\/\",\"name\":\"Top Prague Apartments\",\"description\":\"Beautiful apartments in the heart of the Europe Apartments are situated in the separated 5th floor with an elevator and they are completely reconstructed. There is a free WiFi and a cable connection available for all the guests.\",\"potentialAction\":[{\"@type\":\"SearchAction\",\"target\":{\"@type\":\"EntryPoint\",\"urlTemplate\":\"https:\/\/www.toppragueapartments.com\/?s={search_term_string}\"},\"query-input\":{\"@type\":\"PropertyValueSpecification\",\"valueRequired\":true,\"valueName\":\"search_term_string\"}}],\"inLanguage\":\"cs\"}]}<\/script>\n<!-- \/ Yoast SEO plugin. -->","yoast_head_json":{"title":"Pokoj k pron\u00e1jmu v Praze","description":"Pron\u00e1jem pokoje v Praze v soukrom\u00e9m modern\u00edm apartm\u00e1nu. Ubytov\u00e1n\u00ed v apartm\u00e1nu pro kr\u00e1tkodob\u00e9 i dlouhodob\u00e9 n\u00e1v\u0161t\u011bvy Prahy. Vyberte si modern\u00ed pokoj v Praze.","robots":{"index":"index","follow":"follow","max-snippet":"max-snippet:-1","max-image-preview":"max-image-preview:large","max-video-preview":"max-video-preview:-1"},"canonical":"https:\/\/www.toppragueapartments.com\/room\/","og_locale":"cs_CZ","og_type":"article","og_title":"Pokoj k pron\u00e1jmu v Praze","og_description":"Pron\u00e1jem pokoje v Praze v soukrom\u00e9m modern\u00edm apartm\u00e1nu. Ubytov\u00e1n\u00ed v apartm\u00e1nu pro kr\u00e1tkodob\u00e9 i dlouhodob\u00e9 n\u00e1v\u0161t\u011bvy Prahy. Vyberte si modern\u00ed pokoj v Praze.","og_url":"https:\/\/www.toppragueapartments.com\/room\/","og_site_name":"Top Prague Apartments","article_modified_time":"2016-07-27T09:32:28+00:00","og_image":[{"width":1800,"height":1205,"url":"https:\/\/www.toppragueapartments.com\/wp-content\/uploads\/2016\/06\/Fialovy-obyvak2-e1468397725305.jpg","type":"image\/jpeg"}],"twitter_card":"summary_large_image","twitter_misc":{"Odhadovan\u00e1 doba \u010dten\u00ed":"1 minuta"},"schema":{"@context":"https:\/\/schema.org","@graph":[{"@type":"WebPage","@id":"https:\/\/www.toppragueapartments.com\/room\/","url":"https:\/\/www.toppragueapartments.com\/room\/","name":"Pokoj k pron\u00e1jmu v Praze","isPartOf":{"@id":"https:\/\/www.toppragueapartments.com\/#website"},"primaryImageOfPage":{"@id":"https:\/\/www.toppragueapartments.com\/room\/#primaryimage"},"image":{"@id":"https:\/\/www.toppragueapartments.com\/room\/#primaryimage"},"thumbnailUrl":"https:\/\/www.toppragueapartments.com\/wp-content\/uploads\/2016\/06\/Fialovy-obyvak2-e1468397725305.jpg","datePublished":"2016-07-27T09:31:33+00:00","dateModified":"2016-07-27T09:32:28+00:00","description":"Pron\u00e1jem pokoje v Praze v soukrom\u00e9m modern\u00edm apartm\u00e1nu. Ubytov\u00e1n\u00ed v apartm\u00e1nu pro kr\u00e1tkodob\u00e9 i dlouhodob\u00e9 n\u00e1v\u0161t\u011bvy Prahy. Vyberte si modern\u00ed pokoj v Praze.","breadcrumb":{"@id":"https:\/\/www.toppragueapartments.com\/room\/#breadcrumb"},"inLanguage":"cs","potentialAction":[{"@type":"ReadAction","target":["https:\/\/www.toppragueapartments.com\/room\/"]}]},{"@type":"ImageObject","inLanguage":"cs","@id":"https:\/\/www.toppragueapartments.com\/room\/#primaryimage","url":"https:\/\/www.toppragueapartments.com\/wp-content\/uploads\/2016\/06\/Fialovy-obyvak2-e1468397725305.jpg","contentUrl":"https:\/\/www.toppragueapartments.com\/wp-content\/uploads\/2016\/06\/Fialovy-obyvak2-e1468397725305.jpg","width":1800,"height":1205},{"@type":"BreadcrumbList","@id":"https:\/\/www.toppragueapartments.com\/room\/#breadcrumb","itemListElement":[{"@type":"ListItem","position":1,"name":"Home","item":"https:\/\/www.toppragueapartments.com\/cs\/"},{"@type":"ListItem","position":2,"name":"Pokoj"}]},{"@type":"WebSite","@id":"https:\/\/www.toppragueapartments.com\/#website","url":"https:\/\/www.toppragueapartments.com\/","name":"Top Prague Apartments","description":"Beautiful apartments in the heart of the Europe Apartments are situated in the separated 5th floor with an elevator and they are completely reconstructed. There is a free WiFi and a cable connection available for all the guests.","potentialAction":[{"@type":"SearchAction","target":{"@type":"EntryPoint","urlTemplate":"https:\/\/www.toppragueapartments.com\/?s={search_term_string}"},"query-input":{"@type":"PropertyValueSpecification","valueRequired":true,"valueName":"search_term_string"}}],"inLanguage":"cs"}]}},"_links":{"self":[{"href":"https:\/\/www.toppragueapartments.com\/cs\/wp-json\/wp\/v2\/pages\/768","targetHints":{"allow":["GET"]}}],"collection":[{"href":"https:\/\/www.toppragueapartments.com\/cs\/wp-json\/wp\/v2\/pages"}],"about":[{"href":"https:\/\/www.toppragueapartments.com\/cs\/wp-json\/wp\/v2\/types\/page"}],"author":[{"embeddable":true,"href":"https:\/\/www.toppragueapartments.com\/cs\/wp-json\/wp\/v2\/users\/5"}],"replies":[{"embeddable":true,"href":"https:\/\/www.toppragueapartments.com\/cs\/wp-json\/wp\/v2\/comments?post=768"}],"version-history":[{"count":2,"href":"https:\/\/www.toppragueapartments.com\/cs\/wp-json\/wp\/v2\/pages\/768\/revisions"}],"predecessor-version":[{"id":770,"href":"https:\/\/www.toppragueapartments.com\/cs\/wp-json\/wp\/v2\/pages\/768\/revisions\/770"}],"wp:featuredmedia":[{"embeddable":true,"href":"https:\/\/www.toppragueapartments.com\/cs\/wp-json\/wp\/v2\/media\/69"}],"wp:attachment":[{"href":"https:\/\/www.toppragueapartments.com\/cs\/wp-json\/wp\/v2\/media?parent=768"}],"curies":[{"name":"wp","href":"https:\/\/api.w.org\/{rel}","templated":true}]}}