{"id":774,"date":"2016-07-27T09:46:03","date_gmt":"2016-07-27T09:46:03","guid":{"rendered":"https:\/\/toppragueapartments.com\/cs\/?page_id=774"},"modified":"2016-07-27T09:46:23","modified_gmt":"2016-07-27T09:46:23","slug":"pronajem","status":"publish","type":"page","link":"https:\/\/www.toppragueapartments.com\/cs\/pronajem\/","title":{"rendered":"Pron\u00e1jem"},"content":{"rendered":"[et_pb_section admin_label=&#8220;Section&#8220; fullwidth=&#8220;on&#8220; specialty=&#8220;off&#8220;][et_pb_fullwidth_header admin_label=&#8220;Fullwidth Header&#8220; background_layout=&#8220;light&#8220; text_orientation=&#8220;left&#8220; header_fullscreen=&#8220;off&#8220; header_scroll_down=&#8220;off&#8220; background_url=&#8220;https:\/\/toppragueapartments.com\/wp-content\/uploads\/2016\/06\/Hrad.jpg&#8220; background_overlay_color=&#8220;rgba(0,0,0,0.53)&#8220; parallax=&#8220;off&#8220; parallax_method=&#8220;off&#8220; content_orientation=&#8220;center&#8220; image_orientation=&#8220;center&#8220; custom_button_one=&#8220;off&#8220; button_one_letter_spacing=&#8220;0&#8243; button_one_use_icon=&#8220;default&#8220; button_one_icon_placement=&#8220;right&#8220; button_one_on_hover=&#8220;on&#8220; button_one_letter_spacing_hover=&#8220;0&#8243; custom_button_two=&#8220;off&#8220; button_two_letter_spacing=&#8220;0&#8243; button_two_use_icon=&#8220;default&#8220; button_two_icon_placement=&#8220;right&#8220; button_two_on_hover=&#8220;on&#8220; button_two_letter_spacing_hover=&#8220;0&#8243;] [\/et_pb_fullwidth_header][\/et_pb_section][et_pb_section admin_label=&#8220;section&#8220;][et_pb_row admin_label=&#8220;row&#8220;][et_pb_column type=&#8220;1_2&#8243;][et_pb_text admin_label=&#8220;Text&#8220; background_layout=&#8220;light&#8220; text_orientation=&#8220;left&#8220; use_border_color=&#8220;off&#8220; border_color=&#8220;#ffffff&#8220; border_style=&#8220;solid&#8220;]\n<h1>Pron\u00e1jem apartm\u00e1nu v Praze<\/h1>\n<p>Pokud se chyst\u00e1te nav\u0161t\u00edvit Prahu a hled\u00e1te p\u0159\u00edjemn\u00e9, ale cenov\u011b dostupn\u00e9 ubytov\u00e1n\u00ed, pak v\u00e1m doporu\u010dujeme pron\u00e1jem soukrom\u00e9ho apartm\u00e1nu nebo bytu v Praze.<\/p>\n<p>Apartm\u00e1ny jsou mnohem levn\u011bj\u0161\u00ed ne\u017e hotely a hostely a p\u0159itom m\u00e1te mnohem v\u00edce soukrom\u00ed.<\/p>\n<p><a href=\"\/cs\/apartmany\/\">Apartm\u00e1ny k pron\u00e1jmu<\/a><\/p>\n<p>&nbsp;<\/p>\n[\/et_pb_text][\/et_pb_column][et_pb_column type=&#8220;1_2&#8243;][et_pb_image admin_label=&#8220;Image&#8220; src=&#8220;https:\/\/toppragueapartments.com\/wp-content\/uploads\/2016\/07\/building-922531_640.jpg&#8220; alt=&#8220;Pra\u017esk\u00e9 apartm\u00e1ny k pron\u00e1jmu&#8220; title_text=&#8220;Pron\u00e1jem apartm\u00e1nu v Praze&#8220; show_in_lightbox=&#8220;off&#8220; url_new_window=&#8220;off&#8220; use_overlay=&#8220;off&#8220; animation=&#8220;left&#8220; sticky=&#8220;off&#8220; align=&#8220;left&#8220; force_fullwidth=&#8220;off&#8220; always_center_on_mobile=&#8220;on&#8220; use_border_color=&#8220;off&#8220; border_color=&#8220;#ffffff&#8220; border_style=&#8220;solid&#8220;] [\/et_pb_image][\/et_pb_column][\/et_pb_row][\/et_pb_section]\n","protected":false},"excerpt":{"rendered":"<p>Pron\u00e1jem apartm\u00e1nu v Praze Pokud se chyst\u00e1te nav\u0161t\u00edvit Prahu a hled\u00e1te p\u0159\u00edjemn\u00e9, ale cenov\u011b dostupn\u00e9 ubytov\u00e1n\u00ed, pak v\u00e1m doporu\u010dujeme pron\u00e1jem soukrom\u00e9ho apartm\u00e1nu nebo bytu v Praze. Apartm\u00e1ny jsou mnohem levn\u011bj\u0161\u00ed ne\u017e hotely a hostely a p\u0159itom m\u00e1te mnohem v\u00edce soukrom\u00ed. Apartm\u00e1ny k pron\u00e1jmu &nbsp;<\/p>\n","protected":false},"author":5,"featured_media":766,"parent":0,"menu_order":0,"comment_status":"closed","ping_status":"closed","template":"","meta":{"_et_pb_use_builder":"on","_et_pb_old_content":"","_et_gb_content_width":"","_monsterinsights_skip_tracking":false,"_monsterinsights_sitenote_active":false,"_monsterinsights_sitenote_note":"","_monsterinsights_sitenote_category":0,"footnotes":""},"class_list":["post-774","page","type-page","status-publish","has-post-thumbnail","hentry"],"yoast_head":"<!-- This site is optimized with the Yoast SEO plugin v26.4 - https:\/\/yoast.com\/wordpress\/plugins\/seo\/ -->\n<title>Apartm\u00e1n k pron\u00e1jmu v Praze<\/title>\n<meta name=\"description\" content=\"Pokud pl\u00e1nujete n\u00e1v\u0161t\u011bvu Prahy a m\u00e1te r\u00e1di soukrom\u00ed, pak doporu\u010dujeme pron\u00e1jem apartm\u00e1nu nebo bytu. Ubytov\u00e1n\u00ed je tak\u00e9 mnohem levn\u011bj\u0161\u00ed ne\u017e hotely.\" \/>\n<meta name=\"robots\" content=\"index, follow, max-snippet:-1, max-image-preview:large, max-video-preview:-1\" \/>\n<link rel=\"canonical\" href=\"https:\/\/www.toppragueapartments.com\/rentals\/\" \/>\n<meta property=\"og:locale\" content=\"cs_CZ\" \/>\n<meta property=\"og:type\" content=\"article\" \/>\n<meta property=\"og:title\" content=\"Apartm\u00e1n k pron\u00e1jmu v Praze\" \/>\n<meta property=\"og:description\" content=\"Pokud pl\u00e1nujete n\u00e1v\u0161t\u011bvu Prahy a m\u00e1te r\u00e1di soukrom\u00ed, pak doporu\u010dujeme pron\u00e1jem apartm\u00e1nu nebo bytu. Ubytov\u00e1n\u00ed je tak\u00e9 mnohem levn\u011bj\u0161\u00ed ne\u017e hotely.\" \/>\n<meta property=\"og:url\" content=\"https:\/\/www.toppragueapartments.com\/rentals\/\" \/>\n<meta property=\"og:site_name\" content=\"Top Prague Apartments\" \/>\n<meta property=\"article:modified_time\" content=\"2016-07-27T09:46:23+00:00\" \/>\n<meta property=\"og:image\" content=\"https:\/\/www.toppragueapartments.com\/wp-content\/uploads\/2016\/07\/building-922531_640.jpg\" \/>\n\t<meta property=\"og:image:width\" content=\"640\" \/>\n\t<meta property=\"og:image:height\" content=\"557\" \/>\n\t<meta property=\"og:image:type\" content=\"image\/jpeg\" \/>\n<meta name=\"twitter:card\" content=\"summary_large_image\" \/>\n<meta name=\"twitter:label1\" content=\"Odhadovan\u00e1 doba \u010dten\u00ed\" \/>\n\t<meta name=\"twitter:data1\" content=\"2 minuty\" \/>\n<script type=\"application\/ld+json\" class=\"yoast-schema-graph\">{\"@context\":\"https:\/\/schema.org\",\"@graph\":[{\"@type\":\"WebPage\",\"@id\":\"https:\/\/www.toppragueapartments.com\/rentals\/\",\"url\":\"https:\/\/www.toppragueapartments.com\/rentals\/\",\"name\":\"Apartm\u00e1n k pron\u00e1jmu v Praze\",\"isPartOf\":{\"@id\":\"https:\/\/www.toppragueapartments.com\/#website\"},\"primaryImageOfPage\":{\"@id\":\"https:\/\/www.toppragueapartments.com\/rentals\/#primaryimage\"},\"image\":{\"@id\":\"https:\/\/www.toppragueapartments.com\/rentals\/#primaryimage\"},\"thumbnailUrl\":\"https:\/\/www.toppragueapartments.com\/wp-content\/uploads\/2016\/07\/building-922531_640.jpg\",\"datePublished\":\"2016-07-27T09:46:03+00:00\",\"dateModified\":\"2016-07-27T09:46:23+00:00\",\"description\":\"Pokud pl\u00e1nujete n\u00e1v\u0161t\u011bvu Prahy a m\u00e1te r\u00e1di soukrom\u00ed, pak doporu\u010dujeme pron\u00e1jem apartm\u00e1nu nebo bytu. Ubytov\u00e1n\u00ed je tak\u00e9 mnohem levn\u011bj\u0161\u00ed ne\u017e hotely.\",\"breadcrumb\":{\"@id\":\"https:\/\/www.toppragueapartments.com\/rentals\/#breadcrumb\"},\"inLanguage\":\"cs\",\"potentialAction\":[{\"@type\":\"ReadAction\",\"target\":[\"https:\/\/www.toppragueapartments.com\/rentals\/\"]}]},{\"@type\":\"ImageObject\",\"inLanguage\":\"cs\",\"@id\":\"https:\/\/www.toppragueapartments.com\/rentals\/#primaryimage\",\"url\":\"https:\/\/www.toppragueapartments.com\/wp-content\/uploads\/2016\/07\/building-922531_640.jpg\",\"contentUrl\":\"https:\/\/www.toppragueapartments.com\/wp-content\/uploads\/2016\/07\/building-922531_640.jpg\",\"width\":640,\"height\":557},{\"@type\":\"BreadcrumbList\",\"@id\":\"https:\/\/www.toppragueapartments.com\/rentals\/#breadcrumb\",\"itemListElement\":[{\"@type\":\"ListItem\",\"position\":1,\"name\":\"Home\",\"item\":\"https:\/\/www.toppragueapartments.com\/cs\/\"},{\"@type\":\"ListItem\",\"position\":2,\"name\":\"Pron\u00e1jem\"}]},{\"@type\":\"WebSite\",\"@id\":\"https:\/\/www.toppragueapartments.com\/#website\",\"url\":\"https:\/\/www.toppragueapartments.com\/\",\"name\":\"Top Prague Apartments\",\"description\":\"Beautiful apartments in the heart of the Europe Apartments are situated in the separated 5th floor with an elevator and they are completely reconstructed. There is a free WiFi and a cable connection available for all the guests.\",\"potentialAction\":[{\"@type\":\"SearchAction\",\"target\":{\"@type\":\"EntryPoint\",\"urlTemplate\":\"https:\/\/www.toppragueapartments.com\/?s={search_term_string}\"},\"query-input\":{\"@type\":\"PropertyValueSpecification\",\"valueRequired\":true,\"valueName\":\"search_term_string\"}}],\"inLanguage\":\"cs\"}]}<\/script>\n<!-- \/ Yoast SEO plugin. -->","yoast_head_json":{"title":"Apartm\u00e1n k pron\u00e1jmu v Praze","description":"Pokud pl\u00e1nujete n\u00e1v\u0161t\u011bvu Prahy a m\u00e1te r\u00e1di soukrom\u00ed, pak doporu\u010dujeme pron\u00e1jem apartm\u00e1nu nebo bytu. Ubytov\u00e1n\u00ed je tak\u00e9 mnohem levn\u011bj\u0161\u00ed ne\u017e hotely.","robots":{"index":"index","follow":"follow","max-snippet":"max-snippet:-1","max-image-preview":"max-image-preview:large","max-video-preview":"max-video-preview:-1"},"canonical":"https:\/\/www.toppragueapartments.com\/rentals\/","og_locale":"cs_CZ","og_type":"article","og_title":"Apartm\u00e1n k pron\u00e1jmu v Praze","og_description":"Pokud pl\u00e1nujete n\u00e1v\u0161t\u011bvu Prahy a m\u00e1te r\u00e1di soukrom\u00ed, pak doporu\u010dujeme pron\u00e1jem apartm\u00e1nu nebo bytu. Ubytov\u00e1n\u00ed je tak\u00e9 mnohem levn\u011bj\u0161\u00ed ne\u017e hotely.","og_url":"https:\/\/www.toppragueapartments.com\/rentals\/","og_site_name":"Top Prague Apartments","article_modified_time":"2016-07-27T09:46:23+00:00","og_image":[{"width":640,"height":557,"url":"https:\/\/www.toppragueapartments.com\/wp-content\/uploads\/2016\/07\/building-922531_640.jpg","type":"image\/jpeg"}],"twitter_card":"summary_large_image","twitter_misc":{"Odhadovan\u00e1 doba \u010dten\u00ed":"2 minuty"},"schema":{"@context":"https:\/\/schema.org","@graph":[{"@type":"WebPage","@id":"https:\/\/www.toppragueapartments.com\/rentals\/","url":"https:\/\/www.toppragueapartments.com\/rentals\/","name":"Apartm\u00e1n k pron\u00e1jmu v Praze","isPartOf":{"@id":"https:\/\/www.toppragueapartments.com\/#website"},"primaryImageOfPage":{"@id":"https:\/\/www.toppragueapartments.com\/rentals\/#primaryimage"},"image":{"@id":"https:\/\/www.toppragueapartments.com\/rentals\/#primaryimage"},"thumbnailUrl":"https:\/\/www.toppragueapartments.com\/wp-content\/uploads\/2016\/07\/building-922531_640.jpg","datePublished":"2016-07-27T09:46:03+00:00","dateModified":"2016-07-27T09:46:23+00:00","description":"Pokud pl\u00e1nujete n\u00e1v\u0161t\u011bvu Prahy a m\u00e1te r\u00e1di soukrom\u00ed, pak doporu\u010dujeme pron\u00e1jem apartm\u00e1nu nebo bytu. Ubytov\u00e1n\u00ed je tak\u00e9 mnohem levn\u011bj\u0161\u00ed ne\u017e hotely.","breadcrumb":{"@id":"https:\/\/www.toppragueapartments.com\/rentals\/#breadcrumb"},"inLanguage":"cs","potentialAction":[{"@type":"ReadAction","target":["https:\/\/www.toppragueapartments.com\/rentals\/"]}]},{"@type":"ImageObject","inLanguage":"cs","@id":"https:\/\/www.toppragueapartments.com\/rentals\/#primaryimage","url":"https:\/\/www.toppragueapartments.com\/wp-content\/uploads\/2016\/07\/building-922531_640.jpg","contentUrl":"https:\/\/www.toppragueapartments.com\/wp-content\/uploads\/2016\/07\/building-922531_640.jpg","width":640,"height":557},{"@type":"BreadcrumbList","@id":"https:\/\/www.toppragueapartments.com\/rentals\/#breadcrumb","itemListElement":[{"@type":"ListItem","position":1,"name":"Home","item":"https:\/\/www.toppragueapartments.com\/cs\/"},{"@type":"ListItem","position":2,"name":"Pron\u00e1jem"}]},{"@type":"WebSite","@id":"https:\/\/www.toppragueapartments.com\/#website","url":"https:\/\/www.toppragueapartments.com\/","name":"Top Prague Apartments","description":"Beautiful apartments in the heart of the Europe Apartments are situated in the separated 5th floor with an elevator and they are completely reconstructed. There is a free WiFi and a cable connection available for all the guests.","potentialAction":[{"@type":"SearchAction","target":{"@type":"EntryPoint","urlTemplate":"https:\/\/www.toppragueapartments.com\/?s={search_term_string}"},"query-input":{"@type":"PropertyValueSpecification","valueRequired":true,"valueName":"search_term_string"}}],"inLanguage":"cs"}]}},"_links":{"self":[{"href":"https:\/\/www.toppragueapartments.com\/cs\/wp-json\/wp\/v2\/pages\/774","targetHints":{"allow":["GET"]}}],"collection":[{"href":"https:\/\/www.toppragueapartments.com\/cs\/wp-json\/wp\/v2\/pages"}],"about":[{"href":"https:\/\/www.toppragueapartments.com\/cs\/wp-json\/wp\/v2\/types\/page"}],"author":[{"embeddable":true,"href":"https:\/\/www.toppragueapartments.com\/cs\/wp-json\/wp\/v2\/users\/5"}],"replies":[{"embeddable":true,"href":"https:\/\/www.toppragueapartments.com\/cs\/wp-json\/wp\/v2\/comments?post=774"}],"version-history":[{"count":2,"href":"https:\/\/www.toppragueapartments.com\/cs\/wp-json\/wp\/v2\/pages\/774\/revisions"}],"predecessor-version":[{"id":776,"href":"https:\/\/www.toppragueapartments.com\/cs\/wp-json\/wp\/v2\/pages\/774\/revisions\/776"}],"wp:featuredmedia":[{"embeddable":true,"href":"https:\/\/www.toppragueapartments.com\/cs\/wp-json\/wp\/v2\/media\/766"}],"wp:attachment":[{"href":"https:\/\/www.toppragueapartments.com\/cs\/wp-json\/wp\/v2\/media?parent=774"}],"curies":[{"name":"wp","href":"https:\/\/api.w.org\/{rel}","templated":true}]}}